{"id":980,"date":"2017-08-05T11:06:28","date_gmt":"2017-08-05T09:06:28","guid":{"rendered":"http:\/\/www.supercoach.de\/scwp\/?page_id=980"},"modified":"2021-06-13T09:57:00","modified_gmt":"2021-06-13T07:57:00","slug":"haeufig-gestellte-fragen","status":"publish","type":"page","link":"http:\/\/www.supercoach.de\/scwp\/haeufig-gestellte-fragen\/","title":{"rendered":"h\u00e4ufig gestellte Fragen"},"content":{"rendered":"<p>Auf dieser Seite m\u00f6chte ich die ein oder andere &#8211; immer wiederkehrende &#8211; Frage beantworten, die vielleicht auf den restlichen Seiten dieser Homepage nicht beantwortet wurde. Meines Erachtens sollten sich viele Trainer (vor allen Dingen, wenn sie gerade erst begonnen haben) die ein oder Frage bereits selber gestellt haben. Wenn die betreffenden Trainer keine L\u00f6sung gefunden haben, dann kann vielleicht www.supercoach.de helfen!? Ich denke eigentlich, da\u00df sich die Rubrik selber erkl\u00e4rt, wenn man einen Blick auf die Fragen wirft.<\/p>\n<p>Selbstverst\u00e4ndlich k\u00f6nnen im <a href=\"http:\/\/www.supercoach.de\/scwp\/forum\/\">Forum<\/a> eigene Fragen gestellt werden. Wir werden versuchen, diese zu beantworten&#8230;<\/p>\n<h2>Fragen zum Training<\/h2>\n<ol>\n<li><a href=\"http:\/\/www.supercoach.de\/scwp\/2017\/08\/05\/die-trainingsbeteiligung-ist-sehr-gering-was-kann-ich-dagegen-machen\/\">Die Trainingsbeteiligung ist sehr gering. Was kann ich dagegen machen?<\/a><\/li>\n<li><a href=\"http:\/\/www.supercoach.de\/scwp\/2017\/08\/05\/in-meiner-c-jugend-habe-ich-eine-reihe-verletzter-spieler-trainiere-ich-falsch\/\">In meiner C-Jugend habe ich eine Reihe verletzter Spieler. Trainiere ich falsch?<\/a><\/li>\n<li><a href=\"http:\/\/www.supercoach.de\/scwp\/2017\/08\/06\/was-soll-ich-mit-meiner-mannschaft-machen-wenn-der-platz-wegen-unbespielbarkeit-gesperrt-ist\/\">Was soll ich mit meiner Mannschaft machen, wenn der Platz wegen Unbespielbarkeit gesperrt ist?<\/a><\/li>\n<li><a href=\"http:\/\/www.supercoach.de\/scwp\/2017\/08\/26\/wie-kann-ich-meinen-spielern-bestimmte-fussballerische-dinge-begreiflich-machen\/\">Wie kann ich meinen Spielern bestimmte fu\u00dfballerische Dinge begreifbar machen?<\/a><\/li>\n<li>Wie sieht die <a href=\"http:\/\/www.supercoach.de\/scwp\/2017\/08\/14\/wie-sieht-die-ideale-belastung-im-training-aus\/\">ideale Belastung im Training<\/a> aus?<\/li>\n<li><a href=\"http:\/\/www.supercoach.de\/scwp\/2017\/08\/06\/wie-teile-ich-mir-die-zeit-beim-training-ein\/\">Wie teile ich mir die Zeit beim Training ein?<\/a><\/li>\n<li><a href=\"http:\/\/www.supercoach.de\/scwp\/2017\/08\/14\/wie-plane-ich-eine-trainingswoche\/\">Wie plane ich eine Trainingswoche?<\/a><\/li>\n<li><a href=\"http:\/\/www.supercoach.de\/scwp\/2017\/08\/06\/wie-sollte-ein-probetraining-ablaufen\/\">Wie sollte ein Probetraining ablaufen?<\/a><\/li>\n<li>Wie kann ich <a href=\"http:\/\/www.supercoach.de\/scwp\/2017\/09\/26\/handlungsschnelligkeit-trainieren\/\">Handlungsschnelligkeit trainieren<\/a>?<\/li>\n<\/ol>\n<h2>Fragen zur Mannschaft<\/h2>\n<ol>\n<li>Ist es sinnvoll, <a href=\"http:\/\/www.supercoach.de\/scwp\/2017\/08\/05\/ist-es-sinnvoll-als-co-trainer-einen-spielervater-zu-nehmen\/\">als Co-Trainer einen Spielervater<\/a> zu nehmen?<\/li>\n<li>Soll ich meinen <a href=\"http:\/\/www.supercoach.de\/scwp\/2017\/08\/05\/soll-ich-meinen-mannschaftskapitaen-ernennen-oder-waehlen-lassen\/\">Mannschaftskapit\u00e4n ernennen oder w\u00e4hlen lassen<\/a>?<\/li>\n<li><a href=\"http:\/\/www.supercoach.de\/scwp\/2017\/08\/05\/meine-mannschaft-geraet-immer-in-den-ersten-spielminuten-in-rueckstand-wo-liegt-der-grund\/\">Meine Mannschaft ger\u00e4t immer in den ersten Spielminuten in R\u00fcckstand. Wo liegt der Grund?<\/a><\/li>\n<li><a href=\"http:\/\/www.supercoach.de\/scwp\/2017\/08\/06\/wie-gross-sollte-mein-kader-sein\/\">Wie gro\u00df sollte mein Kader sein?<\/a><\/li>\n<li>Wie kann ich den <a href=\"http:\/\/www.supercoach.de\/scwp\/2017\/08\/06\/wie-kann-ich-den-zusammenhalt-in-der-mannschaft-staerken\/\">Zusammenhalt in der Mannschaft st\u00e4rken<\/a>?<\/li>\n<li>Ich m\u00f6chte eine <a href=\"http:\/\/www.supercoach.de\/scwp\/2017\/08\/06\/ich-moechte-eine-cd-mit-motivationsmusik-zusammenstellen-welche-musik-eignet-sich-dafuer\/\">CD mit Motivationsmusik<\/a> zusammenstellen. Welche Musik eignet sich daf\u00fcr?<\/li>\n<li><a href=\"http:\/\/www.supercoach.de\/scwp\/2017\/08\/14\/wie-kann-ich-dem-entgegenwirken-wenn-ich-schon-vorher-weiss-dass-eine-mannschaft-keine-lust-auf-mich-hat\/\">Wie kann ich dem entgegenwirken, wenn ich schon vorher wei\u00df, da\u00df eine Mannschaft keine Lust auf mich hat?<\/a><\/li>\n<li><a href=\"http:\/\/www.supercoach.de\/scwp\/2017\/08\/06\/was-soll-ich-gegen-meckernde-eltern-machen\/\">Was soll ich gegen meckernde Eltern machen?<\/a><\/li>\n<li><a href=\"http:\/\/www.supercoach.de\/scwp\/2017\/08\/06\/mit-welchem-system-soll-ich-spielen-lassen\/\">Mit welchem System soll ich spielen (lassen)?<\/a><\/li>\n<\/ol>\n<h2>Fragen zu Spielern<\/h2>\n<ol>\n<li><a href=\"http:\/\/www.supercoach.de\/scwp\/2017\/08\/06\/mein-bester-spieler-wird-von-einem-groesseren-verein-umworben-soll-ich-ihm-zum-wechsel-raten-oder-davon-abraten\/\">Mein bester Spieler wird von einem gr\u00f6\u00dferen Verein umworben. Soll ich ihm zum Wechsel raten oder davon abraten?<\/a><\/li>\n<li><a href=\"http:\/\/www.supercoach.de\/scwp\/2017\/08\/06\/einer-meiner-spieler-meint-er-muesste-nicht-trainieren-wie-verhalte-ich-mich\/\">Einer meiner Spieler meint, er m\u00fc\u00dfte nicht trainieren. Wie verhalte ich mich?<\/a><\/li>\n<li>Wie sieht <a href=\"http:\/\/www.supercoach.de\/scwp\/2017\/08\/06\/wie-sieht-der-ideale-mannschaftskapitaen-aus\/\">der ideale Mannschaftskapit\u00e4n<\/a> aus?<\/li>\n<li>Ich habe festgestellt, da\u00df die <a href=\"http:\/\/www.supercoach.de\/scwp\/2017\/08\/14\/ich-habe-festgestellt-dass-die-spieler-immer-weniger-respekt-zeigen-liegt-das-an-mir\/\">Spieler immer weniger Respekt<\/a> zeigen. Liegt das an mir?<\/li>\n<li>Gegen Ende der Saison fallen meine Spieler in ein <a href=\"http:\/\/www.supercoach.de\/scwp\/2017\/08\/14\/gegen-ende-der-saison-fallen-meine-spieler-in-ein-motivationsloch-wie-hole-ich-sie-da-wieder-raus\/\">&#8222;Motivationsloch&#8220;. Wie hole ich sie da wieder raus?<\/a><\/li>\n<li><a href=\"http:\/\/www.supercoach.de\/scwp\/2017\/08\/11\/welche-fussballschuhe-sollte-man-wo-tragen\/\">Welche Fu\u00dfballschuhe sollte man wo tragen?<\/a><\/li>\n<\/ol>\n<h2>Fragen zur Organisation<\/h2>\n<ol>\n<li><a href=\"http:\/\/www.supercoach.de\/scwp\/2017\/08\/06\/die-saisonvorbereitung-gestaltet-sich-aufgrund-der-schulferien-schwierig-was-mache-ich-dagegen\/\">Die Saisonvorbereitung gestaltet sich aufgrund der Schulferien schwierig. Was mache ich dagegen?<\/a><\/li>\n<li><a href=\"http:\/\/www.supercoach.de\/scwp\/2017\/08\/06\/wie-organisiere-ich-ein-blitzturnier\/\">Wie organisiere ich ein Blitzturnier?<\/a><\/li>\n<li>Ich beabsichtige ein <a href=\"http:\/\/www.supercoach.de\/scwp\/2017\/08\/14\/ich-beabsichtige-ein-wochenend-trainingslager-durchzufuehren-wie-sieht-das-am-besten-aus\/\">Wochenend-Trainingslager<\/a> durchzuf\u00fchren. Wie sieht das am besten aus?<\/li>\n<li>Wir haben zu viele Spieler in einer Alterklasse. Welches <a href=\"http:\/\/www.supercoach.de\/scwp\/2021\/06\/13\/konzept-bei-zu-vielen-spielern-einer-altersklasse\/\">Konzept bei zu vielen Spielern einer Altersklasse<\/a> k\u00f6nnte man umsetzen?<\/li>\n<\/ol>\n<h2>Fragen zur Gesundheit<\/h2>\n<ol>\n<li>Wie wird die <a href=\"http:\/\/www.supercoach.de\/scwp\/2017\/08\/06\/wie-wird-die-wirkung-bzw-funktion-des-stretchings-begruendet\/\">Wirkung bzw. Funktion des Stretchings<\/a> begr\u00fcndet?<\/li>\n<li>Wof\u00fcr sind eigentlich <a href=\"http:\/\/www.supercoach.de\/scwp\/2017\/08\/06\/wofuer-sind-eigentlich-unfall-und-krankenversicherung-zustaendig\/\">Unfall- und Krankenversicherung<\/a> zust\u00e4ndig?<\/li>\n<li>Was versteht man unter <a href=\"http:\/\/www.supercoach.de\/scwp\/2017\/08\/14\/was-versteht-man-unter-pulsfrequenz\/\">Pulsfrequenz<\/a>?<\/li>\n<li><a href=\"http:\/\/www.supercoach.de\/scwp\/2017\/08\/06\/wie-unterscheide-ich-zwischen-einem-muskelfaser-und-buendelriss\/\">Wie unterscheide ich zwischen einem Muskelfaser- und -b\u00fcndelri\u00df?<\/a><\/li>\n<li>Sollten die Spieler wirklich <a href=\"http:\/\/www.supercoach.de\/scwp\/2017\/08\/06\/sollten-die-spieler-wirklich-viel-trinken\/\">viel trinken?<\/a><\/li>\n<li><a href=\"http:\/\/www.supercoach.de\/scwp\/2017\/08\/06\/der-muskel-verhaertet-sich-waehrend-der-sportlichen-aktivitaet-muss-man-sofort-mit-dem-sporttreiben-aufhoeren\/\">Der Muskel verh\u00e4rtet sich w\u00e4hrend der sportlichen Aktivit\u00e4t. Mu\u00df man sofort mit dem Sporttreiben aufh\u00f6ren?<\/a><\/li>\n<\/ol>\n<h2>sonstige Fragen<\/h2>\n<ol>\n<li><a href=\"http:\/\/www.supercoach.de\/scwp\/2017\/08\/06\/was-ist-eigentlich-der-deckungsschatten\/\">Was ist eigentlich der &#8222;Deckungsschatten&#8220;?<\/a><\/li>\n<li><a href=\"http:\/\/www.supercoach.de\/scwp\/2017\/08\/07\/woran-erkenne-ich-ob-jemand-luegt\/\">Woran erkenne ich, ob jemand l\u00fcgt?<\/a><\/li>\n<li>Sind <a href=\"http:\/\/www.supercoach.de\/scwp\/2017\/08\/06\/sind-fussball-internate-eine-sinnvolle-ergaenzung-zum-vereinstraining\/\">Fu\u00dfball-Internate eine sinnvolle Erg\u00e4nzung<\/a> zum Vereinstraining?<\/li>\n<\/ol>\n","protected":false},"excerpt":{"rendered":"<div class=\"mh-excerpt\"><p>Auf dieser Seite m\u00f6chte ich die ein oder andere &#8211; immer wiederkehrende &#8211; Frage beantworten, die vielleicht auf den restlichen Seiten dieser Homepage nicht beantwortet wurde. Meines Erachtens sollten sich viele Trainer (vor allen Dingen, <a class=\"mh-excerpt-more\" href=\"http:\/\/www.supercoach.de\/scwp\/haeufig-gestellte-fragen\/\" title=\"h\u00e4ufig gestellte Fragen\">[&#8230;]<\/a><\/p>\n<\/div>","protected":false},"author":1,"featured_media":640,"parent":0,"menu_order":0,"comment_status":"closed","ping_status":"closed","template":"","meta":[],"yoast_head":"<!-- This site is optimized with the Yoast SEO plugin v18.4.1 - https:\/\/yoast.com\/wordpress\/plugins\/seo\/ -->\n<title>h\u00e4ufig gestellte Fragen - Supercoach<\/title>\n<meta name=\"robots\" content=\"index, follow, max-snippet:-1, max-image-preview:large, max-video-preview:-1\" \/>\n<link rel=\"canonical\" href=\"http:\/\/www.supercoach.de\/scwp\/haeufig-gestellte-fragen\/\" \/>\n<meta property=\"og:locale\" content=\"de_DE\" \/>\n<meta property=\"og:type\" content=\"article\" \/>\n<meta property=\"og:title\" content=\"h\u00e4ufig gestellte Fragen - Supercoach\" \/>\n<meta property=\"og:description\" content=\"Auf dieser Seite m\u00f6chte ich die ein oder andere &#8211; immer wiederkehrende &#8211; Frage beantworten, die vielleicht auf den restlichen Seiten dieser Homepage nicht beantwortet wurde. Meines Erachtens sollten sich viele Trainer (vor allen Dingen, [...]\" \/>\n<meta property=\"og:url\" content=\"http:\/\/www.supercoach.de\/scwp\/haeufig-gestellte-fragen\/\" \/>\n<meta property=\"og:site_name\" content=\"Supercoach\" \/>\n<meta property=\"article:modified_time\" content=\"2021-06-13T07:57:00+00:00\" \/>\n<meta property=\"og:image\" content=\"http:\/\/www.supercoach.de\/scwp\/wp-content\/uploads\/2017\/08\/wissen.png\" \/>\n\t<meta property=\"og:image:width\" content=\"1102\" \/>\n\t<meta property=\"og:image:height\" content=\"679\" \/>\n\t<meta property=\"og:image:type\" content=\"image\/png\" \/>\n<meta name=\"twitter:card\" content=\"summary\" \/>\n<meta name=\"twitter:label1\" content=\"Gesch\u00e4tzte Lesezeit\" \/>\n\t<meta name=\"twitter:data1\" content=\"2\u00a0Minuten\" \/>\n<script type=\"application\/ld+json\" class=\"yoast-schema-graph\">{\"@context\":\"https:\/\/schema.org\",\"@graph\":[{\"@type\":\"WebSite\",\"@id\":\"http:\/\/www.supercoach.de\/scwp\/#website\",\"url\":\"http:\/\/www.supercoach.de\/scwp\/\",\"name\":\"Supercoach\",\"description\":\"Informationen rund um&#039;s Fu\u00dfball-(Jugend-)Training\",\"potentialAction\":[{\"@type\":\"SearchAction\",\"target\":{\"@type\":\"EntryPoint\",\"urlTemplate\":\"http:\/\/www.supercoach.de\/scwp\/?s={search_term_string}\"},\"query-input\":\"required name=search_term_string\"}],\"inLanguage\":\"de\"},{\"@type\":\"ImageObject\",\"@id\":\"http:\/\/www.supercoach.de\/scwp\/haeufig-gestellte-fragen\/#primaryimage\",\"inLanguage\":\"de\",\"url\":\"http:\/\/www.supercoach.de\/scwp\/wp-content\/uploads\/2017\/08\/wissen.png\",\"contentUrl\":\"http:\/\/www.supercoach.de\/scwp\/wp-content\/uploads\/2017\/08\/wissen.png\",\"width\":1102,\"height\":679},{\"@type\":\"WebPage\",\"@id\":\"http:\/\/www.supercoach.de\/scwp\/haeufig-gestellte-fragen\/#webpage\",\"url\":\"http:\/\/www.supercoach.de\/scwp\/haeufig-gestellte-fragen\/\",\"name\":\"h\u00e4ufig gestellte Fragen - Supercoach\",\"isPartOf\":{\"@id\":\"http:\/\/www.supercoach.de\/scwp\/#website\"},\"primaryImageOfPage\":{\"@id\":\"http:\/\/www.supercoach.de\/scwp\/haeufig-gestellte-fragen\/#primaryimage\"},\"datePublished\":\"2017-08-05T09:06:28+00:00\",\"dateModified\":\"2021-06-13T07:57:00+00:00\",\"breadcrumb\":{\"@id\":\"http:\/\/www.supercoach.de\/scwp\/haeufig-gestellte-fragen\/#breadcrumb\"},\"inLanguage\":\"de\",\"potentialAction\":[{\"@type\":\"ReadAction\",\"target\":[\"http:\/\/www.supercoach.de\/scwp\/haeufig-gestellte-fragen\/\"]}]},{\"@type\":\"BreadcrumbList\",\"@id\":\"http:\/\/www.supercoach.de\/scwp\/haeufig-gestellte-fragen\/#breadcrumb\",\"itemListElement\":[{\"@type\":\"ListItem\",\"position\":1,\"name\":\"Startseite\",\"item\":\"http:\/\/www.supercoach.de\/scwp\/\"},{\"@type\":\"ListItem\",\"position\":2,\"name\":\"h\u00e4ufig gestellte Fragen\"}]}]}<\/script>\n<!-- \/ Yoast SEO plugin. -->","yoast_head_json":{"title":"h\u00e4ufig gestellte Fragen - Supercoach","robots":{"index":"index","follow":"follow","max-snippet":"max-snippet:-1","max-image-preview":"max-image-preview:large","max-video-preview":"max-video-preview:-1"},"canonical":"http:\/\/www.supercoach.de\/scwp\/haeufig-gestellte-fragen\/","og_locale":"de_DE","og_type":"article","og_title":"h\u00e4ufig gestellte Fragen - Supercoach","og_description":"Auf dieser Seite m\u00f6chte ich die ein oder andere &#8211; immer wiederkehrende &#8211; Frage beantworten, die vielleicht auf den restlichen Seiten dieser Homepage nicht beantwortet wurde. Meines Erachtens sollten sich viele Trainer (vor allen Dingen, [...]","og_url":"http:\/\/www.supercoach.de\/scwp\/haeufig-gestellte-fragen\/","og_site_name":"Supercoach","article_modified_time":"2021-06-13T07:57:00+00:00","og_image":[{"width":1102,"height":679,"url":"http:\/\/www.supercoach.de\/scwp\/wp-content\/uploads\/2017\/08\/wissen.png","type":"image\/png"}],"twitter_card":"summary","twitter_misc":{"Gesch\u00e4tzte Lesezeit":"2\u00a0Minuten"},"schema":{"@context":"https:\/\/schema.org","@graph":[{"@type":"WebSite","@id":"http:\/\/www.supercoach.de\/scwp\/#website","url":"http:\/\/www.supercoach.de\/scwp\/","name":"Supercoach","description":"Informationen rund um&#039;s Fu\u00dfball-(Jugend-)Training","potentialAction":[{"@type":"SearchAction","target":{"@type":"EntryPoint","urlTemplate":"http:\/\/www.supercoach.de\/scwp\/?s={search_term_string}"},"query-input":"required name=search_term_string"}],"inLanguage":"de"},{"@type":"ImageObject","@id":"http:\/\/www.supercoach.de\/scwp\/haeufig-gestellte-fragen\/#primaryimage","inLanguage":"de","url":"http:\/\/www.supercoach.de\/scwp\/wp-content\/uploads\/2017\/08\/wissen.png","contentUrl":"http:\/\/www.supercoach.de\/scwp\/wp-content\/uploads\/2017\/08\/wissen.png","width":1102,"height":679},{"@type":"WebPage","@id":"http:\/\/www.supercoach.de\/scwp\/haeufig-gestellte-fragen\/#webpage","url":"http:\/\/www.supercoach.de\/scwp\/haeufig-gestellte-fragen\/","name":"h\u00e4ufig gestellte Fragen - Supercoach","isPartOf":{"@id":"http:\/\/www.supercoach.de\/scwp\/#website"},"primaryImageOfPage":{"@id":"http:\/\/www.supercoach.de\/scwp\/haeufig-gestellte-fragen\/#primaryimage"},"datePublished":"2017-08-05T09:06:28+00:00","dateModified":"2021-06-13T07:57:00+00:00","breadcrumb":{"@id":"http:\/\/www.supercoach.de\/scwp\/haeufig-gestellte-fragen\/#breadcrumb"},"inLanguage":"de","potentialAction":[{"@type":"ReadAction","target":["http:\/\/www.supercoach.de\/scwp\/haeufig-gestellte-fragen\/"]}]},{"@type":"BreadcrumbList","@id":"http:\/\/www.supercoach.de\/scwp\/haeufig-gestellte-fragen\/#breadcrumb","itemListElement":[{"@type":"ListItem","position":1,"name":"Startseite","item":"http:\/\/www.supercoach.de\/scwp\/"},{"@type":"ListItem","position":2,"name":"h\u00e4ufig gestellte Fragen"}]}]}},"_links":{"self":[{"href":"http:\/\/www.supercoach.de\/scwp\/wp-json\/wp\/v2\/pages\/980"}],"collection":[{"href":"http:\/\/www.supercoach.de\/scwp\/wp-json\/wp\/v2\/pages"}],"about":[{"href":"http:\/\/www.supercoach.de\/scwp\/wp-json\/wp\/v2\/types\/page"}],"author":[{"embeddable":true,"href":"http:\/\/www.supercoach.de\/scwp\/wp-json\/wp\/v2\/users\/1"}],"replies":[{"embeddable":true,"href":"http:\/\/www.supercoach.de\/scwp\/wp-json\/wp\/v2\/comments?post=980"}],"version-history":[{"count":45,"href":"http:\/\/www.supercoach.de\/scwp\/wp-json\/wp\/v2\/pages\/980\/revisions"}],"predecessor-version":[{"id":2307,"href":"http:\/\/www.supercoach.de\/scwp\/wp-json\/wp\/v2\/pages\/980\/revisions\/2307"}],"wp:featuredmedia":[{"embeddable":true,"href":"http:\/\/www.supercoach.de\/scwp\/wp-json\/wp\/v2\/media\/640"}],"wp:attachment":[{"href":"http:\/\/www.supercoach.de\/scwp\/wp-json\/wp\/v2\/media?parent=980"}],"curies":[{"name":"wp","href":"https:\/\/api.w.org\/{rel}","templated":true}]}}