{"id":837,"date":"2017-08-03T15:50:30","date_gmt":"2017-08-03T13:50:30","guid":{"rendered":"http:\/\/www.supercoach.de\/scwp\/?page_id=837"},"modified":"2020-06-04T08:25:10","modified_gmt":"2020-06-04T06:25:10","slug":"unterstuetzung","status":"publish","type":"page","link":"http:\/\/www.supercoach.de\/scwp\/unterstuetzung\/","title":{"rendered":"Unterst\u00fctzung"},"content":{"rendered":"<p>Es gibt mehrere M\u00f6glichkeiten, www.supercoach.de zu unterst\u00fctzen:<\/p>\n<h2>PayPal-Spende<\/h2>\n<div class=\"page-sidebar widget\" id=\"donation_buttons\"><form action=\"https:\/\/www.paypal.com\/cgi-bin\/webscr\" method=\"post\" target=\"_blank\" align=\"center\"><input type=\"hidden\" name=\"business\" value=\"webmaster@supercoach.de\"><input type=\"hidden\" name=\"bn\" value=\"mbjtechnolabs_SP\"><input type=\"hidden\" name=\"cmd\" value=\"_donations\"><input type=\"hidden\" name=\"item_name\" value=\"supercoach.de unterst\u00fctzen\"><table align=\"center\"><tbody><tr><td><input style=\"margin-top:10px;\" type=\"image\" name=\"submit\" border=\"0\" src=\"https:\/\/www.paypalobjects.com\/webstatic\/en_US\/btn\/btn_donate_pp_142x27.png\" alt=\"PayPal - The safer, easier way to pay online\"><\/td><\/tr><\/tbody><\/table><input type=\"hidden\" name=\"currency_code\" value=\"EUR\"><input type=\"hidden\" name=\"notify_url\" value=\"http:\/\/www.supercoach.de\/scwp\/?Donation_Button&#038;action=ipn_handler\"><\/form><\/div>\n<h2>Kauf \u00fcber Amazon<\/h2>\n<p><center><br \/>\n<iframe loading=\"lazy\" src=\"https:\/\/rcm-eu.amazon-adsystem.com\/e\/cm?o=3&#038;p=26&#038;l=ur1&#038;category=gift_certificates&#038;banner=1FRYA4Y34G5SPX4CXAR2&#038;f=ifr&#038;linkID=79f968fdc820f488a2f4af5e6cbf0002&#038;t=supercoach-21&#038;tracking_id=supercoach-21\" width=\"468\" height=\"60\" scrolling=\"no\" border=\"0\" marginwidth=\"0\" style=\"border:none;\" frameborder=\"0\"><\/iframe><br \/>\n<script type=\"text\/javascript\">amzn_assoc_ad_type =\"responsive_search_widget\"; amzn_assoc_tracking_id =\"supercoach-21\"; amzn_assoc_marketplace =\"amazon\"; amzn_assoc_region =\"DE\"; amzn_assoc_placement =\"\"; amzn_assoc_search_type = \"search_widget\";amzn_assoc_width =\"450\"; amzn_assoc_height =\"610\"; amzn_assoc_default_search_category =\"\"; amzn_assoc_default_search_key =\"Fussballtraining\";amzn_assoc_theme =\"light\"; amzn_assoc_bg_color =\"FFFFFF\"; <\/script><script src=\"\/\/z-eu.amazon-adsystem.com\/widgets\/q?ServiceVersion=20070822&#038;Operation=GetScript&#038;ID=OneJS&#038;WS=1&#038;Marketplace=DE\"><\/script><br \/>\n<\/center><\/p>\n","protected":false},"excerpt":{"rendered":"<div class=\"mh-excerpt\"><p>Es gibt mehrere M\u00f6glichkeiten, www.supercoach.de zu unterst\u00fctzen: PayPal-Spende Kauf \u00fcber Amazon<\/p>\n<\/div>","protected":false},"author":1,"featured_media":0,"parent":0,"menu_order":0,"comment_status":"closed","ping_status":"closed","template":"","meta":[],"yoast_head":"<!-- This site is optimized with the Yoast SEO plugin v18.4.1 - https:\/\/yoast.com\/wordpress\/plugins\/seo\/ -->\n<title>Unterst\u00fctzung - Supercoach<\/title>\n<meta name=\"robots\" content=\"index, follow, max-snippet:-1, max-image-preview:large, max-video-preview:-1\" \/>\n<link rel=\"canonical\" href=\"http:\/\/www.supercoach.de\/scwp\/unterstuetzung\/\" \/>\n<meta property=\"og:locale\" content=\"de_DE\" \/>\n<meta property=\"og:type\" content=\"article\" \/>\n<meta property=\"og:title\" content=\"Unterst\u00fctzung - Supercoach\" \/>\n<meta property=\"og:description\" content=\"Es gibt mehrere M\u00f6glichkeiten, www.supercoach.de zu unterst\u00fctzen: PayPal-Spende Kauf \u00fcber Amazon\" \/>\n<meta property=\"og:url\" content=\"http:\/\/www.supercoach.de\/scwp\/unterstuetzung\/\" \/>\n<meta property=\"og:site_name\" content=\"Supercoach\" \/>\n<meta property=\"article:modified_time\" content=\"2020-06-04T06:25:10+00:00\" \/>\n<meta name=\"twitter:card\" content=\"summary\" \/>\n<script type=\"application\/ld+json\" class=\"yoast-schema-graph\">{\"@context\":\"https:\/\/schema.org\",\"@graph\":[{\"@type\":\"WebSite\",\"@id\":\"http:\/\/www.supercoach.de\/scwp\/#website\",\"url\":\"http:\/\/www.supercoach.de\/scwp\/\",\"name\":\"Supercoach\",\"description\":\"Informationen rund um&#039;s Fu\u00dfball-(Jugend-)Training\",\"potentialAction\":[{\"@type\":\"SearchAction\",\"target\":{\"@type\":\"EntryPoint\",\"urlTemplate\":\"http:\/\/www.supercoach.de\/scwp\/?s={search_term_string}\"},\"query-input\":\"required name=search_term_string\"}],\"inLanguage\":\"de\"},{\"@type\":\"WebPage\",\"@id\":\"http:\/\/www.supercoach.de\/scwp\/unterstuetzung\/#webpage\",\"url\":\"http:\/\/www.supercoach.de\/scwp\/unterstuetzung\/\",\"name\":\"Unterst\u00fctzung - Supercoach\",\"isPartOf\":{\"@id\":\"http:\/\/www.supercoach.de\/scwp\/#website\"},\"datePublished\":\"2017-08-03T13:50:30+00:00\",\"dateModified\":\"2020-06-04T06:25:10+00:00\",\"breadcrumb\":{\"@id\":\"http:\/\/www.supercoach.de\/scwp\/unterstuetzung\/#breadcrumb\"},\"inLanguage\":\"de\",\"potentialAction\":[{\"@type\":\"ReadAction\",\"target\":[\"http:\/\/www.supercoach.de\/scwp\/unterstuetzung\/\"]}]},{\"@type\":\"BreadcrumbList\",\"@id\":\"http:\/\/www.supercoach.de\/scwp\/unterstuetzung\/#breadcrumb\",\"itemListElement\":[{\"@type\":\"ListItem\",\"position\":1,\"name\":\"Startseite\",\"item\":\"http:\/\/www.supercoach.de\/scwp\/\"},{\"@type\":\"ListItem\",\"position\":2,\"name\":\"Unterst\u00fctzung\"}]}]}<\/script>\n<!-- \/ Yoast SEO plugin. -->","yoast_head_json":{"title":"Unterst\u00fctzung - Supercoach","robots":{"index":"index","follow":"follow","max-snippet":"max-snippet:-1","max-image-preview":"max-image-preview:large","max-video-preview":"max-video-preview:-1"},"canonical":"http:\/\/www.supercoach.de\/scwp\/unterstuetzung\/","og_locale":"de_DE","og_type":"article","og_title":"Unterst\u00fctzung - Supercoach","og_description":"Es gibt mehrere M\u00f6glichkeiten, www.supercoach.de zu unterst\u00fctzen: PayPal-Spende Kauf \u00fcber Amazon","og_url":"http:\/\/www.supercoach.de\/scwp\/unterstuetzung\/","og_site_name":"Supercoach","article_modified_time":"2020-06-04T06:25:10+00:00","twitter_card":"summary","schema":{"@context":"https:\/\/schema.org","@graph":[{"@type":"WebSite","@id":"http:\/\/www.supercoach.de\/scwp\/#website","url":"http:\/\/www.supercoach.de\/scwp\/","name":"Supercoach","description":"Informationen rund um&#039;s Fu\u00dfball-(Jugend-)Training","potentialAction":[{"@type":"SearchAction","target":{"@type":"EntryPoint","urlTemplate":"http:\/\/www.supercoach.de\/scwp\/?s={search_term_string}"},"query-input":"required name=search_term_string"}],"inLanguage":"de"},{"@type":"WebPage","@id":"http:\/\/www.supercoach.de\/scwp\/unterstuetzung\/#webpage","url":"http:\/\/www.supercoach.de\/scwp\/unterstuetzung\/","name":"Unterst\u00fctzung - Supercoach","isPartOf":{"@id":"http:\/\/www.supercoach.de\/scwp\/#website"},"datePublished":"2017-08-03T13:50:30+00:00","dateModified":"2020-06-04T06:25:10+00:00","breadcrumb":{"@id":"http:\/\/www.supercoach.de\/scwp\/unterstuetzung\/#breadcrumb"},"inLanguage":"de","potentialAction":[{"@type":"ReadAction","target":["http:\/\/www.supercoach.de\/scwp\/unterstuetzung\/"]}]},{"@type":"BreadcrumbList","@id":"http:\/\/www.supercoach.de\/scwp\/unterstuetzung\/#breadcrumb","itemListElement":[{"@type":"ListItem","position":1,"name":"Startseite","item":"http:\/\/www.supercoach.de\/scwp\/"},{"@type":"ListItem","position":2,"name":"Unterst\u00fctzung"}]}]}},"_links":{"self":[{"href":"http:\/\/www.supercoach.de\/scwp\/wp-json\/wp\/v2\/pages\/837"}],"collection":[{"href":"http:\/\/www.supercoach.de\/scwp\/wp-json\/wp\/v2\/pages"}],"about":[{"href":"http:\/\/www.supercoach.de\/scwp\/wp-json\/wp\/v2\/types\/page"}],"author":[{"embeddable":true,"href":"http:\/\/www.supercoach.de\/scwp\/wp-json\/wp\/v2\/users\/1"}],"replies":[{"embeddable":true,"href":"http:\/\/www.supercoach.de\/scwp\/wp-json\/wp\/v2\/comments?post=837"}],"version-history":[{"count":10,"href":"http:\/\/www.supercoach.de\/scwp\/wp-json\/wp\/v2\/pages\/837\/revisions"}],"predecessor-version":[{"id":2150,"href":"http:\/\/www.supercoach.de\/scwp\/wp-json\/wp\/v2\/pages\/837\/revisions\/2150"}],"wp:attachment":[{"href":"http:\/\/www.supercoach.de\/scwp\/wp-json\/wp\/v2\/media?parent=837"}],"curies":[{"name":"wp","href":"https:\/\/api.w.org\/{rel}","templated":true}]}}