{"id":439,"date":"2017-07-30T11:08:23","date_gmt":"2017-07-30T09:08:23","guid":{"rendered":"http:\/\/www.supercoach.de\/scwp\/?page_id=439"},"modified":"2022-04-15T07:53:10","modified_gmt":"2022-04-15T05:53:10","slug":"training","status":"publish","type":"page","link":"http:\/\/www.supercoach.de\/scwp\/training\/","title":{"rendered":"Training"},"content":{"rendered":"<p>Unter den nachfolgenden Buttons verbergen sich einige \u00dcbungen, die teilweise ohne Grafiken auskommen. Sie sollten aber leicht verst\u00e4ndlich sein, so da\u00df man sie sp\u00e4testens dann umsetzen kann, wenn man sie aufmerksam durchgelesen und sich den Ablauf kurz skizziert hat.<\/p>\n<p><center><\/p>\n<table border=\"0\" cellpadding=\"10\" cellspacing=\"0\" align=\"center\" valign=\"middle\">\n<tr>\n<td align=\"center\"><a href=\"http:\/\/www.supercoach.de\/scwp\/training\/flankentraining\/\"><INPUT TYPE=SUBMIT VALUE=\"Flanken\"><\/FORM><\/a><\/td>\n<td align=\"center\"><a href=\"http:\/\/www.supercoach.de\/scwp\/category\/hallentraining\/\"><INPUT TYPE=SUBMIT VALUE=\"Hallentraining\"><\/FORM><\/a><\/td>\n<td align=\"center\"><a href=\"http:\/\/www.supercoach.de\/scwp\/category\/trainingsuebungen\/konditionstraining\/\"><INPUT TYPE=SUBMIT VALUE=\"Kondition\"><\/FORM><\/a><\/td>\n<\/tr>\n<tr>\n<td align=\"center\"><a href=\"http:\/\/www.supercoach.de\/scwp\/training\/koordinationstraining\/\"><INPUT TYPE=SUBMIT VALUE=\"Koordination\"><\/FORM><\/a><\/td>\n<td align=\"center\"><a href=\"http:\/\/www.supercoach.de\/scwp\/category\/trainingsuebungen\/kopfballtraining\/\"><INPUT TYPE=SUBMIT VALUE=\"Kopfball\"><\/FORM><\/a><\/td>\n<td align=\"center\"><a href=\"http:\/\/www.supercoach.de\/scwp\/category\/trainingsuebungen\/lauftraining\/\"><INPUT TYPE=SUBMIT VALUE=\"Lauftraining\"><\/FORM><\/a><\/td>\n<\/tr>\n<tr>\n<td align=\"center\"><a href=\"http:\/\/www.supercoach.de\/scwp\/category\/trainingsuebungen\/techniktraining\/\"><INPUT TYPE=SUBMIT VALUE=\"Technik\"><\/FORM><\/a><\/td>\n<td align=\"center\"><a href=\"http:\/\/www.supercoach.de\/scwp\/training\/torschusstraining\/\"><INPUT TYPE=SUBMIT VALUE=\"Torschu&szlig;\"><\/FORM><\/a><\/td>\n<td align=\"center\"><a href=\"http:\/\/www.supercoach.de\/scwp\/category\/trainingsuebungen\/torwarttraining\/\"><INPUT TYPE=SUBMIT VALUE=\"Torwart-Training\"><\/FORM><\/a><\/td>\n<\/tr>\n<tr>\n<td align=\"center\"><a href=\"http:\/\/www.supercoach.de\/scwp\/category\/trainingsuebungen\/trainingseinheit\/\"><INPUT TYPE=SUBMIT VALUE=\"Trainingseinheiten\"><\/FORM><\/a><\/td>\n<td align=\"center\"><a href=\"http:\/\/www.supercoach.de\/scwp\/category\/trainingsuebungen\/viererkettentraining\/\"><INPUT TYPE=SUBMIT VALUE=\"Viererkette\"><\/FORM><\/a><\/td>\n<td align=\"center\"><a href=\"http:\/\/www.supercoach.de\/scwp\/category\/trainingsuebungen\/zusammenspiel\/\"><INPUT TYPE=SUBMIT VALUE=\"Zusammenspiel\"><\/FORM><\/a><\/td>\n<\/tr>\n<tr>\n<td colspan=\"3\" align=\"center\">\n<h2><font color=\"red\">Bitte beachten:<br \/>Bei Gewitter ist jedes Training sofort zu unterbrechen!!!<\/font><\/h2>\n<\/td>\n<\/tr>\n<tr>\n<td align=\"center\"><a href=\"http:\/\/www.supercoach.de\/scwp\/2017\/07\/31\/hinweise-zum-training\/\"><INPUT TYPE=SUBMIT VALUE=\"Hinweise\"><\/FORM><\/a><\/td>\n<td align=\"center\"><a href=\"http:\/\/www.supercoach.de\/scwp\/2017\/08\/02\/trainingsziele\/\"><INPUT TYPE=SUBMIT VALUE=\"Ziele\"><\/FORM><\/a><\/td>\n<td align=\"center\"><a href=\"http:\/\/www.supercoach.de\/scwp\/2017\/08\/02\/trainingsplanung-im-jugendbereich\/\"><INPUT TYPE=SUBMIT VALUE=\"Planung\"><\/FORM><\/a><\/td>\n<\/tr>\n<tr>\n<td align=\"center\"><a href=\"http:\/\/www.supercoach.de\/scwp\/2017\/08\/02\/fehler-auswirkungen-und-korrekturen-im-training\/\"><INPUT TYPE=SUBMIT VALUE=\"Fehler\"><\/FORM><\/a><\/td>\n<td align=\"center\"><a href=\"http:\/\/www.supercoach.de\/scwp\/2017\/08\/02\/trainingsvariationen\/\"><INPUT TYPE=SUBMIT VALUE=\"Variationen\"><\/FORM><\/a><\/td>\n<td align=\"center\"><a href=\"http:\/\/www.supercoach.de\/scwp\/2017\/08\/02\/straftraining\/\"><INPUT TYPE=SUBMIT VALUE=\"Straftraining\"><\/FORM><\/a><\/td>\n<\/tr>\n<tr>\n<td align=\"center\"><a href=\"http:\/\/www.supercoach.de\/scwp\/2017\/07\/29\/beispiele-fuer-schlechtes-training\/\"><INPUT TYPE=SUBMIT VALUE=\"schlechtes Training\"><\/FORM><\/a><\/td>\n<\/tr>\n<\/table>\n<p><\/center><\/p>\n<p>Wenn jemand noch interessante &Uuml;bungen wei&szlig;, die hier noch nicht erw&auml;hnt sind, so kann er entweder eine <a href=\"http:\/\/www.supercoach.de\/scwp\/kontakt\/\">Email<\/a> schicken oder die &Uuml;bung im <a href=\"http:\/\/www.supercoach.de\/scwp\/forum\/\">Forum<\/a> zur Verf&uuml;gung stellen.<\/p>\n<h2>Downloads zum Thema<\/h2>\n<ul class=\"dlm-downloads\"><li><a  data-e-Disable-Page-Transition=\"true\" class=\"download-link\" title=\"\" href=\"http:\/\/www.supercoach.de\/scwp\/download\/1047\/?tmstv=1775898216\" rel=\"nofollow\" id=\"download-link-1047\" >\n\tDeckungsschatten\t(353250 Downloads\t)\n<\/a>\n<\/li><li><a  data-e-Disable-Page-Transition=\"true\" class=\"download-link\" title=\"\" href=\"http:\/\/www.supercoach.de\/scwp\/download\/946\/?tmstv=1775898216\" rel=\"nofollow\" id=\"download-link-946\" >\n\tAuswertung Sprinttest\t(299848 Downloads\t)\n<\/a>\n<\/li><li><a  data-e-Disable-Page-Transition=\"true\" class=\"download-link\" title=\"\" href=\"http:\/\/www.supercoach.de\/scwp\/download\/935\/?tmstv=1775898216\" rel=\"nofollow\" id=\"download-link-935\" >\n\tTrainingskalender\t(307403 Downloads\t)\n<\/a>\n<\/li><li><a  data-e-Disable-Page-Transition=\"true\" class=\"download-link\" title=\"\" href=\"http:\/\/www.supercoach.de\/scwp\/download\/232\/?tmstv=1775898216\" rel=\"nofollow\" id=\"download-link-232\" >\n\tAnwesenheitsliste Training\t(5578 Downloads\t)\n<\/a>\n<\/li><\/ul>\n\t\t\t\t\n","protected":false},"excerpt":{"rendered":"<div class=\"mh-excerpt\"><p>Unter den nachfolgenden Buttons verbergen sich einige \u00dcbungen, die teilweise ohne Grafiken auskommen. Sie sollten aber leicht verst\u00e4ndlich sein, so da\u00df man sie sp\u00e4testens dann umsetzen kann, wenn man sie aufmerksam durchgelesen und sich den <a class=\"mh-excerpt-more\" href=\"http:\/\/www.supercoach.de\/scwp\/training\/\" title=\"Training\">[&#8230;]<\/a><\/p>\n<\/div>","protected":false},"author":1,"featured_media":0,"parent":0,"menu_order":0,"comment_status":"closed","ping_status":"closed","template":"","meta":[],"yoast_head":"<!-- This site is optimized with the Yoast SEO plugin v18.4.1 - https:\/\/yoast.com\/wordpress\/plugins\/seo\/ -->\n<title>Training - Supercoach<\/title>\n<meta name=\"robots\" content=\"index, follow, max-snippet:-1, max-image-preview:large, max-video-preview:-1\" \/>\n<link rel=\"canonical\" href=\"http:\/\/www.supercoach.de\/scwp\/training\/\" \/>\n<meta property=\"og:locale\" content=\"de_DE\" \/>\n<meta property=\"og:type\" content=\"article\" \/>\n<meta property=\"og:title\" content=\"Training - Supercoach\" \/>\n<meta property=\"og:description\" content=\"Unter den nachfolgenden Buttons verbergen sich einige \u00dcbungen, die teilweise ohne Grafiken auskommen. Sie sollten aber leicht verst\u00e4ndlich sein, so da\u00df man sie sp\u00e4testens dann umsetzen kann, wenn man sie aufmerksam durchgelesen und sich den [...]\" \/>\n<meta property=\"og:url\" content=\"http:\/\/www.supercoach.de\/scwp\/training\/\" \/>\n<meta property=\"og:site_name\" content=\"Supercoach\" \/>\n<meta property=\"article:modified_time\" content=\"2022-04-15T05:53:10+00:00\" \/>\n<meta name=\"twitter:card\" content=\"summary\" \/>\n<script type=\"application\/ld+json\" class=\"yoast-schema-graph\">{\"@context\":\"https:\/\/schema.org\",\"@graph\":[{\"@type\":\"WebSite\",\"@id\":\"http:\/\/www.supercoach.de\/scwp\/#website\",\"url\":\"http:\/\/www.supercoach.de\/scwp\/\",\"name\":\"Supercoach\",\"description\":\"Informationen rund um&#039;s Fu\u00dfball-(Jugend-)Training\",\"potentialAction\":[{\"@type\":\"SearchAction\",\"target\":{\"@type\":\"EntryPoint\",\"urlTemplate\":\"http:\/\/www.supercoach.de\/scwp\/?s={search_term_string}\"},\"query-input\":\"required name=search_term_string\"}],\"inLanguage\":\"de\"},{\"@type\":\"WebPage\",\"@id\":\"http:\/\/www.supercoach.de\/scwp\/training\/#webpage\",\"url\":\"http:\/\/www.supercoach.de\/scwp\/training\/\",\"name\":\"Training - Supercoach\",\"isPartOf\":{\"@id\":\"http:\/\/www.supercoach.de\/scwp\/#website\"},\"datePublished\":\"2017-07-30T09:08:23+00:00\",\"dateModified\":\"2022-04-15T05:53:10+00:00\",\"breadcrumb\":{\"@id\":\"http:\/\/www.supercoach.de\/scwp\/training\/#breadcrumb\"},\"inLanguage\":\"de\",\"potentialAction\":[{\"@type\":\"ReadAction\",\"target\":[\"http:\/\/www.supercoach.de\/scwp\/training\/\"]}]},{\"@type\":\"BreadcrumbList\",\"@id\":\"http:\/\/www.supercoach.de\/scwp\/training\/#breadcrumb\",\"itemListElement\":[{\"@type\":\"ListItem\",\"position\":1,\"name\":\"Startseite\",\"item\":\"http:\/\/www.supercoach.de\/scwp\/\"},{\"@type\":\"ListItem\",\"position\":2,\"name\":\"Training\"}]}]}<\/script>\n<!-- \/ Yoast SEO plugin. -->","yoast_head_json":{"title":"Training - Supercoach","robots":{"index":"index","follow":"follow","max-snippet":"max-snippet:-1","max-image-preview":"max-image-preview:large","max-video-preview":"max-video-preview:-1"},"canonical":"http:\/\/www.supercoach.de\/scwp\/training\/","og_locale":"de_DE","og_type":"article","og_title":"Training - Supercoach","og_description":"Unter den nachfolgenden Buttons verbergen sich einige \u00dcbungen, die teilweise ohne Grafiken auskommen. Sie sollten aber leicht verst\u00e4ndlich sein, so da\u00df man sie sp\u00e4testens dann umsetzen kann, wenn man sie aufmerksam durchgelesen und sich den [...]","og_url":"http:\/\/www.supercoach.de\/scwp\/training\/","og_site_name":"Supercoach","article_modified_time":"2022-04-15T05:53:10+00:00","twitter_card":"summary","schema":{"@context":"https:\/\/schema.org","@graph":[{"@type":"WebSite","@id":"http:\/\/www.supercoach.de\/scwp\/#website","url":"http:\/\/www.supercoach.de\/scwp\/","name":"Supercoach","description":"Informationen rund um&#039;s Fu\u00dfball-(Jugend-)Training","potentialAction":[{"@type":"SearchAction","target":{"@type":"EntryPoint","urlTemplate":"http:\/\/www.supercoach.de\/scwp\/?s={search_term_string}"},"query-input":"required name=search_term_string"}],"inLanguage":"de"},{"@type":"WebPage","@id":"http:\/\/www.supercoach.de\/scwp\/training\/#webpage","url":"http:\/\/www.supercoach.de\/scwp\/training\/","name":"Training - Supercoach","isPartOf":{"@id":"http:\/\/www.supercoach.de\/scwp\/#website"},"datePublished":"2017-07-30T09:08:23+00:00","dateModified":"2022-04-15T05:53:10+00:00","breadcrumb":{"@id":"http:\/\/www.supercoach.de\/scwp\/training\/#breadcrumb"},"inLanguage":"de","potentialAction":[{"@type":"ReadAction","target":["http:\/\/www.supercoach.de\/scwp\/training\/"]}]},{"@type":"BreadcrumbList","@id":"http:\/\/www.supercoach.de\/scwp\/training\/#breadcrumb","itemListElement":[{"@type":"ListItem","position":1,"name":"Startseite","item":"http:\/\/www.supercoach.de\/scwp\/"},{"@type":"ListItem","position":2,"name":"Training"}]}]}},"_links":{"self":[{"href":"http:\/\/www.supercoach.de\/scwp\/wp-json\/wp\/v2\/pages\/439"}],"collection":[{"href":"http:\/\/www.supercoach.de\/scwp\/wp-json\/wp\/v2\/pages"}],"about":[{"href":"http:\/\/www.supercoach.de\/scwp\/wp-json\/wp\/v2\/types\/page"}],"author":[{"embeddable":true,"href":"http:\/\/www.supercoach.de\/scwp\/wp-json\/wp\/v2\/users\/1"}],"replies":[{"embeddable":true,"href":"http:\/\/www.supercoach.de\/scwp\/wp-json\/wp\/v2\/comments?post=439"}],"version-history":[{"count":32,"href":"http:\/\/www.supercoach.de\/scwp\/wp-json\/wp\/v2\/pages\/439\/revisions"}],"predecessor-version":[{"id":2408,"href":"http:\/\/www.supercoach.de\/scwp\/wp-json\/wp\/v2\/pages\/439\/revisions\/2408"}],"wp:attachment":[{"href":"http:\/\/www.supercoach.de\/scwp\/wp-json\/wp\/v2\/media?parent=439"}],"curies":[{"name":"wp","href":"https:\/\/api.w.org\/{rel}","templated":true}]}}