{"id":374,"date":"2017-07-30T09:53:21","date_gmt":"2017-07-30T07:53:21","guid":{"rendered":"http:\/\/www.supercoach.de\/scwp\/?page_id=374"},"modified":"2017-08-08T17:52:45","modified_gmt":"2017-08-08T15:52:45","slug":"spieltag","status":"publish","type":"page","link":"http:\/\/www.supercoach.de\/scwp\/spieltag\/","title":{"rendered":"Spieltag"},"content":{"rendered":"<p>An jedem Wochenende ist es wieder soweit! Der Morgen beginnt mit einem Kribbeln im Magen, denn das n\u00e4chste Spiel steht an.<\/p>\n<p>Die Hauptaufgabe des <a href=\"http:\/\/www.supercoach.de\/scwp\/trainerperson\/\">Trainer<\/a>s ist und bleibt die Betreuung der eigenen Mannschaft. Hinzu kommt aber noch ein vielf\u00e4ltiges Programm, das in einigen Mannschaften teilweise vom Co-<a href=\"http:\/\/www.supercoach.de\/scwp\/trainerperson\/\">Trainer<\/a> bzw. Betreuer \u00fcbernommen wird.<\/p>\n<p>Der folgende Ablauf sollte einem behilflich sein, wenn man die Stunden vor dem Spiel genauer betrachtet:<\/p>\n<p><strong>Zeitspanne weit vor dem Spiel<\/strong><\/p>\n<ul>\n<li>\u00dcberpr\u00fcfung, ob man das notwendige Material bereith\u00e4lt (Spielball, Trikots, B\u00e4lle zum Aufw\u00e4rmen, Spielerp\u00e4sse)<\/li>\n<li>bei Ausw\u00e4rtsspielen: Wegbeschreibung nicht vergessen<\/li>\n<li>bei Heimspielen: Ausweichtrikotsatz bereithalten<\/li>\n<li>bei Flutlichtspielen keine dunkle Kleidung verwenden, weil sie schlechter zu erkennen ist<\/li>\n<\/ul>\n<p><strong>Zeitspanne unmittelbar vor dem Spiel<\/strong><\/p>\n<ul>\n<li>Begr\u00fc\u00dfung der Spieler (auf P\u00fcnktlichkeit achten)<\/li>\n<li>Platzbesichtigung (Schuhwahl)<\/li>\n<li>Begr\u00fc\u00dfung des Gegners (mit Zuweisen der Kabine und Weitergabe weiterer Informationen)<\/li>\n<li>Begr\u00fc\u00dfung des <a href=\"http:\/\/www.supercoach.de\/scwp\/schiedsrichter\/\">Schiedsrichter<\/a>s<\/li>\n<li>Ausf\u00fcllen des Spielberichts<\/li>\n<li>Kabine (Umziehen der Spieler)<\/li>\n<li>kurze <a href=\"http:\/\/www.supercoach.de\/scwp\/besprechung\/\">Ansprache<\/a><\/li>\n<li>Warmlaufen der Spieler<\/li>\n<\/ul>\n<p><strong>W\u00e4hrend des Spiels<\/strong><\/p>\n<ul>\n<li>Zurufe und Anweisungen<\/li>\n<li>beruhigend und <a href=\"http:\/\/www.supercoach.de\/scwp\/2017\/07\/31\/mannschaftsbesprechung-motivation\/\">motivierend<\/a> auf die Spieler einwirken<\/li>\n<li>nicht schimpfen<\/li>\n<li>austauschen, umstellen<\/li>\n<li>Verbandmaterial, <a href=\"http:\/\/www.supercoach.de\/scwp\/2017\/07\/31\/eisbox\/\">Eis<\/a> und <a href=\"http:\/\/www.supercoach.de\/scwp\/2017\/08\/04\/fluessigkeitsverlust\/\">Getr\u00e4nke<\/a> bereithalten<\/li>\n<\/ul>\n<p><strong>Halbzeit<\/strong><\/p>\n<ul>\n<li>ungest\u00f6rten Raum besorgen (Kabine oder auf dem Platz abseits der Eltern und des Gegners)<\/li>\n<li>k\u00f6rperliche Erholung und Versorgung durch <a href=\"http:\/\/www.supercoach.de\/scwp\/2017\/08\/04\/fluessigkeitsverlust\/\">Getr\u00e4nke<\/a><\/li>\n<li>Ruhe<\/li>\n<li>Verletzungen behandeln<\/li>\n<li>kurze und klare Anweisungen<\/li>\n<li><a href=\"http:\/\/www.supercoach.de\/scwp\/2017\/07\/31\/mannschaftsbesprechung-motivation\/\">Motivation<\/a> und Konzentration<\/li>\n<li>Ausr\u00fcstung der Spieler nochmals kurz \u00fcberpr\u00fcfen<\/li>\n<\/ul>\n<p><strong>nach dem Spiel<\/strong><\/p>\n<ul>\n<li>auf Disziplin achten<\/li>\n<li>Reichen von <a href=\"http:\/\/www.supercoach.de\/scwp\/2017\/08\/04\/fluessigkeitsverlust\/\">Getr\u00e4nke<\/a><\/li>\n<li><a href=\"http:\/\/www.supercoach.de\/scwp\/2017\/07\/31\/mannschaftsbesprechung-motivation\/\">Motivation<\/a> nach Niederlagen \/ Lob nach Siegen<\/li>\n<li>Gespr\u00e4ch mit <a href=\"http:\/\/www.supercoach.de\/scwp\/schiedsrichter\/\">Schiedsrichter<\/a><\/li>\n<li>Ausf\u00fcllen des Spielberichts<\/li>\n<li>Bezahlung des <a href=\"http:\/\/www.supercoach.de\/scwp\/schiedsrichter\/\">Schiedsrichter<\/a>s<\/li>\n<li>Gespr\u00e4ch mit dem gegnerischen <a href=\"http:\/\/www.supercoach.de\/scwp\/trainerperson\/\">Trainer<\/a><\/li>\n<li>Gespr\u00e4che mit eigenen Eltern<\/li>\n<li>Informationen zum n\u00e4chsten <a href=\"http:\/\/www.supercoach.de\/scwp\/training\/\">Training<\/a> an die Spieler weitergeben<\/li>\n<\/ul>\n<p><strong>Nachbereitung<\/strong><\/p>\n<ul>\n<li><a href=\"http:\/\/www.supercoach.de\/scwp\/2017\/08\/08\/auswertung-des-spieltages\/\">Auswertung<\/a><\/li>\n<\/ul>\n<p>Bei Ausw\u00e4rtsspielen sollte man daf\u00fcr sorgen, da\u00df alle mitfahrenden Eltern (bei erwachsenen Mannschaften Spieler) eine Wegbeschreibung zur Platzanlage des Gegners haben, um die Anfahrt so angenehm wie m\u00f6glich zu machen.<\/p>\n<p>Vor der Abfahrt wird \u00fcberpr\u00fcft, ob man s\u00e4mtliche notwendigen Utensilien dabei hat (Spielerp\u00e4sse, B\u00e4lle, Trikots), um Turbulenzen vor Ort zu vermeiden. <\/p>\n","protected":false},"excerpt":{"rendered":"<div class=\"mh-excerpt\"><p>An jedem Wochenende ist es wieder soweit! Der Morgen beginnt mit einem Kribbeln im Magen, denn das n\u00e4chste Spiel steht an. Die Hauptaufgabe des Trainers ist und bleibt die Betreuung der eigenen Mannschaft. Hinzu kommt <a class=\"mh-excerpt-more\" href=\"http:\/\/www.supercoach.de\/scwp\/spieltag\/\" title=\"Spieltag\">[&#8230;]<\/a><\/p>\n<\/div>","protected":false},"author":1,"featured_media":495,"parent":0,"menu_order":0,"comment_status":"closed","ping_status":"closed","template":"","meta":[],"yoast_head":"<!-- This site is optimized with the Yoast SEO plugin v18.4.1 - https:\/\/yoast.com\/wordpress\/plugins\/seo\/ -->\n<title>Spieltag - Supercoach<\/title>\n<meta name=\"robots\" content=\"index, follow, max-snippet:-1, max-image-preview:large, max-video-preview:-1\" \/>\n<link rel=\"canonical\" href=\"http:\/\/www.supercoach.de\/scwp\/spieltag\/\" \/>\n<meta property=\"og:locale\" content=\"de_DE\" \/>\n<meta property=\"og:type\" content=\"article\" \/>\n<meta property=\"og:title\" content=\"Spieltag - Supercoach\" \/>\n<meta property=\"og:description\" content=\"An jedem Wochenende ist es wieder soweit! Der Morgen beginnt mit einem Kribbeln im Magen, denn das n\u00e4chste Spiel steht an. Die Hauptaufgabe des Trainers ist und bleibt die Betreuung der eigenen Mannschaft. Hinzu kommt [...]\" \/>\n<meta property=\"og:url\" content=\"http:\/\/www.supercoach.de\/scwp\/spieltag\/\" \/>\n<meta property=\"og:site_name\" content=\"Supercoach\" \/>\n<meta property=\"article:modified_time\" content=\"2017-08-08T15:52:45+00:00\" \/>\n<meta property=\"og:image\" content=\"http:\/\/www.supercoach.de\/scwp\/wp-content\/uploads\/2017\/07\/spiel.jpg\" \/>\n\t<meta property=\"og:image:width\" content=\"1021\" \/>\n\t<meta property=\"og:image:height\" content=\"712\" \/>\n\t<meta property=\"og:image:type\" content=\"image\/jpeg\" \/>\n<meta name=\"twitter:card\" content=\"summary\" \/>\n<meta name=\"twitter:label1\" content=\"Gesch\u00e4tzte Lesezeit\" \/>\n\t<meta name=\"twitter:data1\" content=\"2\u00a0Minuten\" \/>\n<script type=\"application\/ld+json\" class=\"yoast-schema-graph\">{\"@context\":\"https:\/\/schema.org\",\"@graph\":[{\"@type\":\"WebSite\",\"@id\":\"http:\/\/www.supercoach.de\/scwp\/#website\",\"url\":\"http:\/\/www.supercoach.de\/scwp\/\",\"name\":\"Supercoach\",\"description\":\"Informationen rund um&#039;s Fu\u00dfball-(Jugend-)Training\",\"potentialAction\":[{\"@type\":\"SearchAction\",\"target\":{\"@type\":\"EntryPoint\",\"urlTemplate\":\"http:\/\/www.supercoach.de\/scwp\/?s={search_term_string}\"},\"query-input\":\"required name=search_term_string\"}],\"inLanguage\":\"de\"},{\"@type\":\"ImageObject\",\"@id\":\"http:\/\/www.supercoach.de\/scwp\/spieltag\/#primaryimage\",\"inLanguage\":\"de\",\"url\":\"http:\/\/www.supercoach.de\/scwp\/wp-content\/uploads\/2017\/07\/spiel.jpg\",\"contentUrl\":\"http:\/\/www.supercoach.de\/scwp\/wp-content\/uploads\/2017\/07\/spiel.jpg\",\"width\":1021,\"height\":712},{\"@type\":\"WebPage\",\"@id\":\"http:\/\/www.supercoach.de\/scwp\/spieltag\/#webpage\",\"url\":\"http:\/\/www.supercoach.de\/scwp\/spieltag\/\",\"name\":\"Spieltag - Supercoach\",\"isPartOf\":{\"@id\":\"http:\/\/www.supercoach.de\/scwp\/#website\"},\"primaryImageOfPage\":{\"@id\":\"http:\/\/www.supercoach.de\/scwp\/spieltag\/#primaryimage\"},\"datePublished\":\"2017-07-30T07:53:21+00:00\",\"dateModified\":\"2017-08-08T15:52:45+00:00\",\"breadcrumb\":{\"@id\":\"http:\/\/www.supercoach.de\/scwp\/spieltag\/#breadcrumb\"},\"inLanguage\":\"de\",\"potentialAction\":[{\"@type\":\"ReadAction\",\"target\":[\"http:\/\/www.supercoach.de\/scwp\/spieltag\/\"]}]},{\"@type\":\"BreadcrumbList\",\"@id\":\"http:\/\/www.supercoach.de\/scwp\/spieltag\/#breadcrumb\",\"itemListElement\":[{\"@type\":\"ListItem\",\"position\":1,\"name\":\"Startseite\",\"item\":\"http:\/\/www.supercoach.de\/scwp\/\"},{\"@type\":\"ListItem\",\"position\":2,\"name\":\"Spieltag\"}]}]}<\/script>\n<!-- \/ Yoast SEO plugin. -->","yoast_head_json":{"title":"Spieltag - Supercoach","robots":{"index":"index","follow":"follow","max-snippet":"max-snippet:-1","max-image-preview":"max-image-preview:large","max-video-preview":"max-video-preview:-1"},"canonical":"http:\/\/www.supercoach.de\/scwp\/spieltag\/","og_locale":"de_DE","og_type":"article","og_title":"Spieltag - Supercoach","og_description":"An jedem Wochenende ist es wieder soweit! Der Morgen beginnt mit einem Kribbeln im Magen, denn das n\u00e4chste Spiel steht an. Die Hauptaufgabe des Trainers ist und bleibt die Betreuung der eigenen Mannschaft. Hinzu kommt [...]","og_url":"http:\/\/www.supercoach.de\/scwp\/spieltag\/","og_site_name":"Supercoach","article_modified_time":"2017-08-08T15:52:45+00:00","og_image":[{"width":1021,"height":712,"url":"http:\/\/www.supercoach.de\/scwp\/wp-content\/uploads\/2017\/07\/spiel.jpg","type":"image\/jpeg"}],"twitter_card":"summary","twitter_misc":{"Gesch\u00e4tzte Lesezeit":"2\u00a0Minuten"},"schema":{"@context":"https:\/\/schema.org","@graph":[{"@type":"WebSite","@id":"http:\/\/www.supercoach.de\/scwp\/#website","url":"http:\/\/www.supercoach.de\/scwp\/","name":"Supercoach","description":"Informationen rund um&#039;s Fu\u00dfball-(Jugend-)Training","potentialAction":[{"@type":"SearchAction","target":{"@type":"EntryPoint","urlTemplate":"http:\/\/www.supercoach.de\/scwp\/?s={search_term_string}"},"query-input":"required name=search_term_string"}],"inLanguage":"de"},{"@type":"ImageObject","@id":"http:\/\/www.supercoach.de\/scwp\/spieltag\/#primaryimage","inLanguage":"de","url":"http:\/\/www.supercoach.de\/scwp\/wp-content\/uploads\/2017\/07\/spiel.jpg","contentUrl":"http:\/\/www.supercoach.de\/scwp\/wp-content\/uploads\/2017\/07\/spiel.jpg","width":1021,"height":712},{"@type":"WebPage","@id":"http:\/\/www.supercoach.de\/scwp\/spieltag\/#webpage","url":"http:\/\/www.supercoach.de\/scwp\/spieltag\/","name":"Spieltag - Supercoach","isPartOf":{"@id":"http:\/\/www.supercoach.de\/scwp\/#website"},"primaryImageOfPage":{"@id":"http:\/\/www.supercoach.de\/scwp\/spieltag\/#primaryimage"},"datePublished":"2017-07-30T07:53:21+00:00","dateModified":"2017-08-08T15:52:45+00:00","breadcrumb":{"@id":"http:\/\/www.supercoach.de\/scwp\/spieltag\/#breadcrumb"},"inLanguage":"de","potentialAction":[{"@type":"ReadAction","target":["http:\/\/www.supercoach.de\/scwp\/spieltag\/"]}]},{"@type":"BreadcrumbList","@id":"http:\/\/www.supercoach.de\/scwp\/spieltag\/#breadcrumb","itemListElement":[{"@type":"ListItem","position":1,"name":"Startseite","item":"http:\/\/www.supercoach.de\/scwp\/"},{"@type":"ListItem","position":2,"name":"Spieltag"}]}]}},"_links":{"self":[{"href":"http:\/\/www.supercoach.de\/scwp\/wp-json\/wp\/v2\/pages\/374"}],"collection":[{"href":"http:\/\/www.supercoach.de\/scwp\/wp-json\/wp\/v2\/pages"}],"about":[{"href":"http:\/\/www.supercoach.de\/scwp\/wp-json\/wp\/v2\/types\/page"}],"author":[{"embeddable":true,"href":"http:\/\/www.supercoach.de\/scwp\/wp-json\/wp\/v2\/users\/1"}],"replies":[{"embeddable":true,"href":"http:\/\/www.supercoach.de\/scwp\/wp-json\/wp\/v2\/comments?post=374"}],"version-history":[{"count":7,"href":"http:\/\/www.supercoach.de\/scwp\/wp-json\/wp\/v2\/pages\/374\/revisions"}],"predecessor-version":[{"id":1192,"href":"http:\/\/www.supercoach.de\/scwp\/wp-json\/wp\/v2\/pages\/374\/revisions\/1192"}],"wp:featuredmedia":[{"embeddable":true,"href":"http:\/\/www.supercoach.de\/scwp\/wp-json\/wp\/v2\/media\/495"}],"wp:attachment":[{"href":"http:\/\/www.supercoach.de\/scwp\/wp-json\/wp\/v2\/media?parent=374"}],"curies":[{"name":"wp","href":"https:\/\/api.w.org\/{rel}","templated":true}]}}