{"id":362,"date":"2017-07-30T09:51:55","date_gmt":"2017-07-30T07:51:55","guid":{"rendered":"http:\/\/www.supercoach.de\/scwp\/?page_id=362"},"modified":"2023-09-16T11:19:07","modified_gmt":"2023-09-16T09:19:07","slug":"saisonvorbereitung","status":"publish","type":"page","link":"http:\/\/www.supercoach.de\/scwp\/saisonvorbereitung\/","title":{"rendered":"Saisonvorbereitung"},"content":{"rendered":"<p>Nachfolgende Themen stehen bislang zur Verf\u00fcgung:<\/p>\n<div align=\"left\">\n<ul>\n<li>Die Vorbereitung mu\u00df man unterscheiden in die eigentliche <a href=\"http:\/\/www.supercoach.de\/scwp\/2017\/08\/03\/saisonvorbereitung\/\">Saisonvorbereitung<\/a> und die <a href=\"http:\/\/www.supercoach.de\/scwp\/2017\/08\/03\/vorbereitung-auf-die-rueckrunde\/\">Vorbereitung auf die R\u00fcckrunde<\/a>.<\/li>\n<li><a href=\"http:\/\/www.supercoach.de\/scwp\/2017\/08\/03\/wie-gehe-ich-topfit-in-die-rueckrundenvorbereitung\/\">Wie gehe ich als Spieler topfit in die R\u00fcckrundenvorbereitung?<\/a><\/li>\n<li>Manchmal scheint es sinnvoll, einen <a href=\"http:\/\/www.supercoach.de\/scwp\/2017\/08\/03\/sprinttest\/\">Sprinttest<\/a> durchzuf\u00fchren, um zu wissen, welche Leistung man von den Spielern erwarten kann.<\/li>\n<\/ul>\n<\/div>\n","protected":false},"excerpt":{"rendered":"<div class=\"mh-excerpt\"><p>Nachfolgende Themen stehen bislang zur Verf\u00fcgung: Die Vorbereitung mu\u00df man unterscheiden in die eigentliche Saisonvorbereitung und die Vorbereitung auf die R\u00fcckrunde. Wie gehe ich als Spieler topfit in die R\u00fcckrundenvorbereitung? Manchmal scheint es sinnvoll, einen <a class=\"mh-excerpt-more\" href=\"http:\/\/www.supercoach.de\/scwp\/saisonvorbereitung\/\" title=\"Saisonvorbereitung\">[&#8230;]<\/a><\/p>\n<\/div>","protected":false},"author":1,"featured_media":640,"parent":0,"menu_order":0,"comment_status":"closed","ping_status":"closed","template":"","meta":[],"yoast_head":"<!-- This site is optimized with the Yoast SEO plugin v18.4.1 - https:\/\/yoast.com\/wordpress\/plugins\/seo\/ -->\n<title>Saisonvorbereitung - Supercoach<\/title>\n<meta name=\"robots\" content=\"index, follow, max-snippet:-1, max-image-preview:large, max-video-preview:-1\" \/>\n<link rel=\"canonical\" href=\"http:\/\/www.supercoach.de\/scwp\/saisonvorbereitung\/\" \/>\n<meta property=\"og:locale\" content=\"de_DE\" \/>\n<meta property=\"og:type\" content=\"article\" \/>\n<meta property=\"og:title\" content=\"Saisonvorbereitung - Supercoach\" \/>\n<meta property=\"og:description\" content=\"Nachfolgende Themen stehen bislang zur Verf\u00fcgung: Die Vorbereitung mu\u00df man unterscheiden in die eigentliche Saisonvorbereitung und die Vorbereitung auf die R\u00fcckrunde. Wie gehe ich als Spieler topfit in die R\u00fcckrundenvorbereitung? Manchmal scheint es sinnvoll, einen [...]\" \/>\n<meta property=\"og:url\" content=\"http:\/\/www.supercoach.de\/scwp\/saisonvorbereitung\/\" \/>\n<meta property=\"og:site_name\" content=\"Supercoach\" \/>\n<meta property=\"article:modified_time\" content=\"2023-09-16T09:19:07+00:00\" \/>\n<meta property=\"og:image\" content=\"http:\/\/www.supercoach.de\/scwp\/wp-content\/uploads\/2017\/08\/wissen.png\" \/>\n\t<meta property=\"og:image:width\" content=\"1102\" \/>\n\t<meta property=\"og:image:height\" content=\"679\" \/>\n\t<meta property=\"og:image:type\" content=\"image\/png\" \/>\n<meta name=\"twitter:card\" content=\"summary\" \/>\n<script type=\"application\/ld+json\" class=\"yoast-schema-graph\">{\"@context\":\"https:\/\/schema.org\",\"@graph\":[{\"@type\":\"WebSite\",\"@id\":\"http:\/\/www.supercoach.de\/scwp\/#website\",\"url\":\"http:\/\/www.supercoach.de\/scwp\/\",\"name\":\"Supercoach\",\"description\":\"Informationen rund um&#039;s Fu\u00dfball-(Jugend-)Training\",\"potentialAction\":[{\"@type\":\"SearchAction\",\"target\":{\"@type\":\"EntryPoint\",\"urlTemplate\":\"http:\/\/www.supercoach.de\/scwp\/?s={search_term_string}\"},\"query-input\":\"required name=search_term_string\"}],\"inLanguage\":\"de\"},{\"@type\":\"ImageObject\",\"@id\":\"http:\/\/www.supercoach.de\/scwp\/saisonvorbereitung\/#primaryimage\",\"inLanguage\":\"de\",\"url\":\"http:\/\/www.supercoach.de\/scwp\/wp-content\/uploads\/2017\/08\/wissen.png\",\"contentUrl\":\"http:\/\/www.supercoach.de\/scwp\/wp-content\/uploads\/2017\/08\/wissen.png\",\"width\":1102,\"height\":679},{\"@type\":\"WebPage\",\"@id\":\"http:\/\/www.supercoach.de\/scwp\/saisonvorbereitung\/#webpage\",\"url\":\"http:\/\/www.supercoach.de\/scwp\/saisonvorbereitung\/\",\"name\":\"Saisonvorbereitung - Supercoach\",\"isPartOf\":{\"@id\":\"http:\/\/www.supercoach.de\/scwp\/#website\"},\"primaryImageOfPage\":{\"@id\":\"http:\/\/www.supercoach.de\/scwp\/saisonvorbereitung\/#primaryimage\"},\"datePublished\":\"2017-07-30T07:51:55+00:00\",\"dateModified\":\"2023-09-16T09:19:07+00:00\",\"breadcrumb\":{\"@id\":\"http:\/\/www.supercoach.de\/scwp\/saisonvorbereitung\/#breadcrumb\"},\"inLanguage\":\"de\",\"potentialAction\":[{\"@type\":\"ReadAction\",\"target\":[\"http:\/\/www.supercoach.de\/scwp\/saisonvorbereitung\/\"]}]},{\"@type\":\"BreadcrumbList\",\"@id\":\"http:\/\/www.supercoach.de\/scwp\/saisonvorbereitung\/#breadcrumb\",\"itemListElement\":[{\"@type\":\"ListItem\",\"position\":1,\"name\":\"Startseite\",\"item\":\"http:\/\/www.supercoach.de\/scwp\/\"},{\"@type\":\"ListItem\",\"position\":2,\"name\":\"Saisonvorbereitung\"}]}]}<\/script>\n<!-- \/ Yoast SEO plugin. -->","yoast_head_json":{"title":"Saisonvorbereitung - Supercoach","robots":{"index":"index","follow":"follow","max-snippet":"max-snippet:-1","max-image-preview":"max-image-preview:large","max-video-preview":"max-video-preview:-1"},"canonical":"http:\/\/www.supercoach.de\/scwp\/saisonvorbereitung\/","og_locale":"de_DE","og_type":"article","og_title":"Saisonvorbereitung - Supercoach","og_description":"Nachfolgende Themen stehen bislang zur Verf\u00fcgung: Die Vorbereitung mu\u00df man unterscheiden in die eigentliche Saisonvorbereitung und die Vorbereitung auf die R\u00fcckrunde. Wie gehe ich als Spieler topfit in die R\u00fcckrundenvorbereitung? Manchmal scheint es sinnvoll, einen [...]","og_url":"http:\/\/www.supercoach.de\/scwp\/saisonvorbereitung\/","og_site_name":"Supercoach","article_modified_time":"2023-09-16T09:19:07+00:00","og_image":[{"width":1102,"height":679,"url":"http:\/\/www.supercoach.de\/scwp\/wp-content\/uploads\/2017\/08\/wissen.png","type":"image\/png"}],"twitter_card":"summary","schema":{"@context":"https:\/\/schema.org","@graph":[{"@type":"WebSite","@id":"http:\/\/www.supercoach.de\/scwp\/#website","url":"http:\/\/www.supercoach.de\/scwp\/","name":"Supercoach","description":"Informationen rund um&#039;s Fu\u00dfball-(Jugend-)Training","potentialAction":[{"@type":"SearchAction","target":{"@type":"EntryPoint","urlTemplate":"http:\/\/www.supercoach.de\/scwp\/?s={search_term_string}"},"query-input":"required name=search_term_string"}],"inLanguage":"de"},{"@type":"ImageObject","@id":"http:\/\/www.supercoach.de\/scwp\/saisonvorbereitung\/#primaryimage","inLanguage":"de","url":"http:\/\/www.supercoach.de\/scwp\/wp-content\/uploads\/2017\/08\/wissen.png","contentUrl":"http:\/\/www.supercoach.de\/scwp\/wp-content\/uploads\/2017\/08\/wissen.png","width":1102,"height":679},{"@type":"WebPage","@id":"http:\/\/www.supercoach.de\/scwp\/saisonvorbereitung\/#webpage","url":"http:\/\/www.supercoach.de\/scwp\/saisonvorbereitung\/","name":"Saisonvorbereitung - Supercoach","isPartOf":{"@id":"http:\/\/www.supercoach.de\/scwp\/#website"},"primaryImageOfPage":{"@id":"http:\/\/www.supercoach.de\/scwp\/saisonvorbereitung\/#primaryimage"},"datePublished":"2017-07-30T07:51:55+00:00","dateModified":"2023-09-16T09:19:07+00:00","breadcrumb":{"@id":"http:\/\/www.supercoach.de\/scwp\/saisonvorbereitung\/#breadcrumb"},"inLanguage":"de","potentialAction":[{"@type":"ReadAction","target":["http:\/\/www.supercoach.de\/scwp\/saisonvorbereitung\/"]}]},{"@type":"BreadcrumbList","@id":"http:\/\/www.supercoach.de\/scwp\/saisonvorbereitung\/#breadcrumb","itemListElement":[{"@type":"ListItem","position":1,"name":"Startseite","item":"http:\/\/www.supercoach.de\/scwp\/"},{"@type":"ListItem","position":2,"name":"Saisonvorbereitung"}]}]}},"_links":{"self":[{"href":"http:\/\/www.supercoach.de\/scwp\/wp-json\/wp\/v2\/pages\/362"}],"collection":[{"href":"http:\/\/www.supercoach.de\/scwp\/wp-json\/wp\/v2\/pages"}],"about":[{"href":"http:\/\/www.supercoach.de\/scwp\/wp-json\/wp\/v2\/types\/page"}],"author":[{"embeddable":true,"href":"http:\/\/www.supercoach.de\/scwp\/wp-json\/wp\/v2\/users\/1"}],"replies":[{"embeddable":true,"href":"http:\/\/www.supercoach.de\/scwp\/wp-json\/wp\/v2\/comments?post=362"}],"version-history":[{"count":8,"href":"http:\/\/www.supercoach.de\/scwp\/wp-json\/wp\/v2\/pages\/362\/revisions"}],"predecessor-version":[{"id":2681,"href":"http:\/\/www.supercoach.de\/scwp\/wp-json\/wp\/v2\/pages\/362\/revisions\/2681"}],"wp:featuredmedia":[{"embeddable":true,"href":"http:\/\/www.supercoach.de\/scwp\/wp-json\/wp\/v2\/media\/640"}],"wp:attachment":[{"href":"http:\/\/www.supercoach.de\/scwp\/wp-json\/wp\/v2\/media?parent=362"}],"curies":[{"name":"wp","href":"https:\/\/api.w.org\/{rel}","templated":true}]}}