{"id":359,"date":"2017-07-30T09:51:43","date_gmt":"2017-07-30T07:51:43","guid":{"rendered":"http:\/\/www.supercoach.de\/scwp\/?page_id=359"},"modified":"2020-10-04T12:36:23","modified_gmt":"2020-10-04T10:36:23","slug":"torwart","status":"publish","type":"page","link":"http:\/\/www.supercoach.de\/scwp\/torwart\/","title":{"rendered":"Torwart"},"content":{"rendered":"<p><center><\/p>\n<table border=\"0\" cellpadding=\"10\" cellspacing=\"0\" align=\"center\" valign=\"middle\">\n<tr>\n<td align=\"center\"><a href=\"http:\/\/www.supercoach.de\/scwp\/category\/trainingsuebungen\/torwarttraining\/\"><INPUT TYPE=SUBMIT VALUE=\"TW-Trainingseinheiten\"><\/FORM><\/a><\/td>\n<\/tr>\n<\/table>\n<p><\/center><\/p>\n<div align=\"left\">\n<ul>\n<li><a href=\"http:\/\/www.supercoach.de\/scwp\/2017\/07\/31\/torwartprofil\/\">Torwartprofil<\/a><\/li>\n<li><a href=\"http:\/\/www.supercoach.de\/scwp\/2017\/08\/02\/die-richtige-ausruestung-des-torwarts\/\">Die richtige Ausr\u00fcstung des Torh\u00fcters <\/a><\/li>\n<li><a href=\"http:\/\/www.supercoach.de\/scwp\/2017\/08\/03\/torwarttechniken\/\">Torwarttechniken<\/a><\/li>\n<li>Die verschiedenen Torwarttechniken <a href=\"http:\/\/www.supercoach.de\/scwp\/2017\/08\/03\/fangen\/\">Fangen<\/a>, <a href=\"http:\/\/www.supercoach.de\/scwp\/2017\/08\/03\/fausten\/\">Fausten<\/a>, <a href=\"http:\/\/www.supercoach.de\/scwp\/2017\/08\/03\/hechten\/\">Hechten<\/a> und <a href=\"http:\/\/www.supercoach.de\/scwp\/2017\/08\/03\/abwurf\/\">Abwurf<\/a><\/li>\n<li>Das <a href=\"http:\/\/www.supercoach.de\/scwp\/2017\/08\/03\/auftreten-des-torwarts\/\">richtige Auftreten<\/a><\/li>\n<li><a href=\"http:\/\/www.supercoach.de\/scwp\/2017\/08\/03\/wieviele-leute-sollten-in-der-mauer-stehen\/\">Wieviele Leute sollten in der Mauer stehen?<\/a><\/li>\n<li><a href=\"http:\/\/www.supercoach.de\/scwp\/2017\/08\/03\/die-angst-des-torwarts-beim-elfmeter\/\">Verhalten des Torh\u00fcters bei einem Elfmeter<\/a><\/li>\n<li><a href=\"http:\/\/www.supercoach.de\/scwp\/2017\/08\/03\/beziehungsebenen\/\">Verh\u00e4ltnis zwischen Trainer und Torwart \/ Mannschaft<\/a><\/li>\n<li><a href=\"http:\/\/www.supercoach.de\/scwp\/2017\/08\/03\/faktoren-die-das-vertrauen-des-torwarts-beeintraechtigen\/\">Faktoren, die das Vertrauen des Torwarts beeintr\u00e4chtigen<\/a><\/li>\n<li><a href=\"http:\/\/www.supercoach.de\/scwp\/2017\/08\/03\/altersgemaesse-grundsaetze-des-torwarttrainings\/\">altersgem\u00e4\u00dfe Grunds\u00e4tze des Torwarttrainings<\/a><\/li>\n<li>der <a href=\"http:\/\/www.supercoach.de\/scwp\/2017\/08\/03\/ersatztorwart\/\">Ersatztorwart<\/a><\/li>\n<li>Die <a href=\"http:\/\/www.supercoach.de\/scwp\/2017\/08\/03\/platzverhaeltnisse-sind-wichtig\/\">Platzverh\u00e4ltnisse<\/a> zu kennen, ist wichtig<\/li>\n<li><a href=\"http:\/\/www.supercoach.de\/scwp\/2017\/07\/31\/praktische-tips-fuer-torhueter\/\">praktische Tips<\/a> (f\u00fcr Torh\u00fcter)<\/li>\n<li>Vorschl\u00e4ge zu <a href=\"http:\/\/www.supercoach.de\/scwp\/category\/trainingsuebungen\/torwarttraining\/\">Trainingseinheiten<\/a><\/li>\n<\/ul>\n<p><\/dvi><\/p>\n","protected":false},"excerpt":{"rendered":"<div class=\"mh-excerpt\"><p>Torwartprofil Die richtige Ausr\u00fcstung des Torh\u00fcters Torwarttechniken Die verschiedenen Torwarttechniken Fangen, Fausten, Hechten und Abwurf Das richtige Auftreten Wieviele Leute sollten in der Mauer stehen? Verhalten des Torh\u00fcters bei einem Elfmeter Verh\u00e4ltnis zwischen Trainer und <a class=\"mh-excerpt-more\" href=\"http:\/\/www.supercoach.de\/scwp\/torwart\/\" title=\"Torwart\">[&#8230;]<\/a><\/p>\n<\/div>","protected":false},"author":1,"featured_media":482,"parent":0,"menu_order":0,"comment_status":"closed","ping_status":"closed","template":"","meta":[],"yoast_head":"<!-- This site is optimized with the Yoast SEO plugin v18.4.1 - https:\/\/yoast.com\/wordpress\/plugins\/seo\/ -->\n<title>Torwart - Supercoach<\/title>\n<meta name=\"robots\" content=\"index, follow, max-snippet:-1, max-image-preview:large, max-video-preview:-1\" \/>\n<link rel=\"canonical\" href=\"http:\/\/www.supercoach.de\/scwp\/torwart\/\" \/>\n<meta property=\"og:locale\" content=\"de_DE\" \/>\n<meta property=\"og:type\" content=\"article\" \/>\n<meta property=\"og:title\" content=\"Torwart - Supercoach\" \/>\n<meta property=\"og:description\" content=\"Torwartprofil Die richtige Ausr\u00fcstung des Torh\u00fcters Torwarttechniken Die verschiedenen Torwarttechniken Fangen, Fausten, Hechten und Abwurf Das richtige Auftreten Wieviele Leute sollten in der Mauer stehen? Verhalten des Torh\u00fcters bei einem Elfmeter Verh\u00e4ltnis zwischen Trainer und [...]\" \/>\n<meta property=\"og:url\" content=\"http:\/\/www.supercoach.de\/scwp\/torwart\/\" \/>\n<meta property=\"og:site_name\" content=\"Supercoach\" \/>\n<meta property=\"article:modified_time\" content=\"2020-10-04T10:36:23+00:00\" \/>\n<meta property=\"og:image\" content=\"http:\/\/www.supercoach.de\/scwp\/wp-content\/uploads\/2017\/07\/torwart.png\" \/>\n\t<meta property=\"og:image:width\" content=\"1140\" \/>\n\t<meta property=\"og:image:height\" content=\"712\" \/>\n\t<meta property=\"og:image:type\" content=\"image\/png\" \/>\n<meta name=\"twitter:card\" content=\"summary\" \/>\n<script type=\"application\/ld+json\" class=\"yoast-schema-graph\">{\"@context\":\"https:\/\/schema.org\",\"@graph\":[{\"@type\":\"WebSite\",\"@id\":\"http:\/\/www.supercoach.de\/scwp\/#website\",\"url\":\"http:\/\/www.supercoach.de\/scwp\/\",\"name\":\"Supercoach\",\"description\":\"Informationen rund um&#039;s Fu\u00dfball-(Jugend-)Training\",\"potentialAction\":[{\"@type\":\"SearchAction\",\"target\":{\"@type\":\"EntryPoint\",\"urlTemplate\":\"http:\/\/www.supercoach.de\/scwp\/?s={search_term_string}\"},\"query-input\":\"required name=search_term_string\"}],\"inLanguage\":\"de\"},{\"@type\":\"ImageObject\",\"@id\":\"http:\/\/www.supercoach.de\/scwp\/torwart\/#primaryimage\",\"inLanguage\":\"de\",\"url\":\"http:\/\/www.supercoach.de\/scwp\/wp-content\/uploads\/2017\/07\/torwart.png\",\"contentUrl\":\"http:\/\/www.supercoach.de\/scwp\/wp-content\/uploads\/2017\/07\/torwart.png\",\"width\":1140,\"height\":712},{\"@type\":\"WebPage\",\"@id\":\"http:\/\/www.supercoach.de\/scwp\/torwart\/#webpage\",\"url\":\"http:\/\/www.supercoach.de\/scwp\/torwart\/\",\"name\":\"Torwart - Supercoach\",\"isPartOf\":{\"@id\":\"http:\/\/www.supercoach.de\/scwp\/#website\"},\"primaryImageOfPage\":{\"@id\":\"http:\/\/www.supercoach.de\/scwp\/torwart\/#primaryimage\"},\"datePublished\":\"2017-07-30T07:51:43+00:00\",\"dateModified\":\"2020-10-04T10:36:23+00:00\",\"breadcrumb\":{\"@id\":\"http:\/\/www.supercoach.de\/scwp\/torwart\/#breadcrumb\"},\"inLanguage\":\"de\",\"potentialAction\":[{\"@type\":\"ReadAction\",\"target\":[\"http:\/\/www.supercoach.de\/scwp\/torwart\/\"]}]},{\"@type\":\"BreadcrumbList\",\"@id\":\"http:\/\/www.supercoach.de\/scwp\/torwart\/#breadcrumb\",\"itemListElement\":[{\"@type\":\"ListItem\",\"position\":1,\"name\":\"Startseite\",\"item\":\"http:\/\/www.supercoach.de\/scwp\/\"},{\"@type\":\"ListItem\",\"position\":2,\"name\":\"Torwart\"}]}]}<\/script>\n<!-- \/ Yoast SEO plugin. -->","yoast_head_json":{"title":"Torwart - Supercoach","robots":{"index":"index","follow":"follow","max-snippet":"max-snippet:-1","max-image-preview":"max-image-preview:large","max-video-preview":"max-video-preview:-1"},"canonical":"http:\/\/www.supercoach.de\/scwp\/torwart\/","og_locale":"de_DE","og_type":"article","og_title":"Torwart - Supercoach","og_description":"Torwartprofil Die richtige Ausr\u00fcstung des Torh\u00fcters Torwarttechniken Die verschiedenen Torwarttechniken Fangen, Fausten, Hechten und Abwurf Das richtige Auftreten Wieviele Leute sollten in der Mauer stehen? Verhalten des Torh\u00fcters bei einem Elfmeter Verh\u00e4ltnis zwischen Trainer und [...]","og_url":"http:\/\/www.supercoach.de\/scwp\/torwart\/","og_site_name":"Supercoach","article_modified_time":"2020-10-04T10:36:23+00:00","og_image":[{"width":1140,"height":712,"url":"http:\/\/www.supercoach.de\/scwp\/wp-content\/uploads\/2017\/07\/torwart.png","type":"image\/png"}],"twitter_card":"summary","schema":{"@context":"https:\/\/schema.org","@graph":[{"@type":"WebSite","@id":"http:\/\/www.supercoach.de\/scwp\/#website","url":"http:\/\/www.supercoach.de\/scwp\/","name":"Supercoach","description":"Informationen rund um&#039;s Fu\u00dfball-(Jugend-)Training","potentialAction":[{"@type":"SearchAction","target":{"@type":"EntryPoint","urlTemplate":"http:\/\/www.supercoach.de\/scwp\/?s={search_term_string}"},"query-input":"required name=search_term_string"}],"inLanguage":"de"},{"@type":"ImageObject","@id":"http:\/\/www.supercoach.de\/scwp\/torwart\/#primaryimage","inLanguage":"de","url":"http:\/\/www.supercoach.de\/scwp\/wp-content\/uploads\/2017\/07\/torwart.png","contentUrl":"http:\/\/www.supercoach.de\/scwp\/wp-content\/uploads\/2017\/07\/torwart.png","width":1140,"height":712},{"@type":"WebPage","@id":"http:\/\/www.supercoach.de\/scwp\/torwart\/#webpage","url":"http:\/\/www.supercoach.de\/scwp\/torwart\/","name":"Torwart - Supercoach","isPartOf":{"@id":"http:\/\/www.supercoach.de\/scwp\/#website"},"primaryImageOfPage":{"@id":"http:\/\/www.supercoach.de\/scwp\/torwart\/#primaryimage"},"datePublished":"2017-07-30T07:51:43+00:00","dateModified":"2020-10-04T10:36:23+00:00","breadcrumb":{"@id":"http:\/\/www.supercoach.de\/scwp\/torwart\/#breadcrumb"},"inLanguage":"de","potentialAction":[{"@type":"ReadAction","target":["http:\/\/www.supercoach.de\/scwp\/torwart\/"]}]},{"@type":"BreadcrumbList","@id":"http:\/\/www.supercoach.de\/scwp\/torwart\/#breadcrumb","itemListElement":[{"@type":"ListItem","position":1,"name":"Startseite","item":"http:\/\/www.supercoach.de\/scwp\/"},{"@type":"ListItem","position":2,"name":"Torwart"}]}]}},"_links":{"self":[{"href":"http:\/\/www.supercoach.de\/scwp\/wp-json\/wp\/v2\/pages\/359"}],"collection":[{"href":"http:\/\/www.supercoach.de\/scwp\/wp-json\/wp\/v2\/pages"}],"about":[{"href":"http:\/\/www.supercoach.de\/scwp\/wp-json\/wp\/v2\/types\/page"}],"author":[{"embeddable":true,"href":"http:\/\/www.supercoach.de\/scwp\/wp-json\/wp\/v2\/users\/1"}],"replies":[{"embeddable":true,"href":"http:\/\/www.supercoach.de\/scwp\/wp-json\/wp\/v2\/comments?post=359"}],"version-history":[{"count":23,"href":"http:\/\/www.supercoach.de\/scwp\/wp-json\/wp\/v2\/pages\/359\/revisions"}],"predecessor-version":[{"id":2236,"href":"http:\/\/www.supercoach.de\/scwp\/wp-json\/wp\/v2\/pages\/359\/revisions\/2236"}],"wp:featuredmedia":[{"embeddable":true,"href":"http:\/\/www.supercoach.de\/scwp\/wp-json\/wp\/v2\/media\/482"}],"wp:attachment":[{"href":"http:\/\/www.supercoach.de\/scwp\/wp-json\/wp\/v2\/media?parent=359"}],"curies":[{"name":"wp","href":"https:\/\/api.w.org\/{rel}","templated":true}]}}