{"id":2395,"date":"2022-04-15T07:45:40","date_gmt":"2022-04-15T05:45:40","guid":{"rendered":"http:\/\/www.supercoach.de\/scwp\/?page_id=2395"},"modified":"2022-04-15T07:51:12","modified_gmt":"2022-04-15T05:51:12","slug":"koordinationstraining","status":"publish","type":"page","link":"http:\/\/www.supercoach.de\/scwp\/training\/koordinationstraining\/","title":{"rendered":"Koordinationstraining"},"content":{"rendered":"<h2>Definition<\/h2>\n<p>Koordination ist das Zusammenwirken des zentralen Nervensystems und der Skelettmuskulatur innerhalb eines gezielten Bewegungsablaufes. Hier unterscheidet man die intramuskul\u00e4re und die intermuskul\u00e4re Koordination. Die intramuskul\u00e4re Koordination bezeichnet die Abstimmung der einzelnen Muskelfasern eines Muskels. Die Abstimmung der einzelnen Muskeln nennt man dann intermuskul\u00e4re Koordination.<\/p>\n<h2>Grunds\u00e4tzliches<\/h2>\n<p>Das Training der Koordination wurde in den vergangenen Jahren teilweise aus Unkenntnis (fast) nie im t\u00e4glichen <a href=\"http:\/\/www.supercoach.de\/scwp\/training\/\">Training<\/a> ber\u00fccksichtigt. In den letzten Jahren wird in den technisch versierten L\u00e4ndern (wie z. B. Frankreich und Niederlande) in jedes Trainingsprogramm eine Stunde Koordination eingeflochten.<\/p>\n<p>Koordination ist \u00fcberhaupt erst die Grundlage jeglichen menschlichen Bewegens. Je differenzierter die Bewegungen sind, umso schwerer sind diese zu erlernen.<\/p>\n<p>Denken wir an das Kleinkind, das mit dem Laufen beginnt. F\u00fcr das Kind sind die Bewegungsabl\u00e4ufe derart schwer zu beherrschen, da\u00df das Erlernen des Laufens einige Zeit in Anspruch nimmt. Hat das Kind einmal die Bewegungen automatisiert, so macht es sich dar\u00fcber keine Gedanken mehr, sondern versucht vielmehr, die Bewegung zu verfeinern. \u00c4hnliche Beispiele sind im Alltag h\u00e4ufig zu finden (z. B. Fahrrad fahren). Einmal gelernte koordinative F\u00e4higkeiten werden in aller Regel nicht mehr verlernt; es kann lediglich einige Zeit dauern, bis man die Abl\u00e4ufe, die man l\u00e4ngere Zeit nicht mehr ben\u00f6tigt hat, wieder beherrscht.<\/p>\n<p>Fachleute rechnen die Koordination als f\u00fcnftes neben Kraft, Schnellkraft, Beweglichkeit und Ausdauer zu den konditionellen F\u00e4higkeiten. Andere wiederum sind der Meinung, da\u00df es sich bei der Koordination aufgrund der Vielfalt um einen eigenst\u00e4ndigen Lernbereich handelt. Hier kann man geteilter Meinung sein. Wichtig ist die Schulung koordinativer F\u00e4higkeiten allemal.<\/p>\n<h2>Wann sollte man mit Koordinationstraining beginnen?<\/h2>\n<p>F\u00fcr das Koordinationstraining gibt es eigentlich nur die eine Regel, da\u00df man so fr\u00fch wie m\u00f6glich damit anfangen sollte, weil es in j\u00fcngeren Jahren f\u00fcr die Menschen einfacher ist, sich Bewegungsabl\u00e4ufe einzupr\u00e4gen. Vers\u00e4umnisse auf diesem Gebiet lassen sich zwar sp\u00e4ter im B- oder A-Jugendalter noch beseitigen, wobei die Erfolge dann jedoch sp\u00e4rlich erzielt werden. Das beste Lernalter ist nat\u00fcrlich wieder einmal das zweite Jahr D-Jugend.<\/p>\n<p><center><a href=\"http:\/\/www.supercoach.de\/scwp\/category\/trainingsuebungen\/koordinationstraining\/\"><INPUT TYPE=SUBMIT VALUE=\"zum Koordinationstraining\"><\/FORM><\/center><\/p>\n","protected":false},"excerpt":{"rendered":"<div class=\"mh-excerpt\"><p>Definition Koordination ist das Zusammenwirken des zentralen Nervensystems und der Skelettmuskulatur innerhalb eines gezielten Bewegungsablaufes. Hier unterscheidet man die intramuskul\u00e4re und die intermuskul\u00e4re Koordination. Die intramuskul\u00e4re Koordination bezeichnet die Abstimmung der einzelnen Muskelfasern eines Muskels. <a class=\"mh-excerpt-more\" href=\"http:\/\/www.supercoach.de\/scwp\/training\/koordinationstraining\/\" title=\"Koordinationstraining\">[&#8230;]<\/a><\/p>\n<\/div>","protected":false},"author":1,"featured_media":699,"parent":439,"menu_order":0,"comment_status":"closed","ping_status":"closed","template":"","meta":[],"yoast_head":"<!-- This site is optimized with the Yoast SEO plugin v18.4.1 - https:\/\/yoast.com\/wordpress\/plugins\/seo\/ -->\n<title>Koordinationstraining - Supercoach<\/title>\n<meta name=\"robots\" content=\"index, follow, max-snippet:-1, max-image-preview:large, max-video-preview:-1\" \/>\n<link rel=\"canonical\" href=\"http:\/\/www.supercoach.de\/scwp\/training\/koordinationstraining\/\" \/>\n<meta property=\"og:locale\" content=\"de_DE\" \/>\n<meta property=\"og:type\" content=\"article\" \/>\n<meta property=\"og:title\" content=\"Koordinationstraining - Supercoach\" \/>\n<meta property=\"og:description\" content=\"Definition Koordination ist das Zusammenwirken des zentralen Nervensystems und der Skelettmuskulatur innerhalb eines gezielten Bewegungsablaufes. Hier unterscheidet man die intramuskul\u00e4re und die intermuskul\u00e4re Koordination. Die intramuskul\u00e4re Koordination bezeichnet die Abstimmung der einzelnen Muskelfasern eines Muskels. [...]\" \/>\n<meta property=\"og:url\" content=\"http:\/\/www.supercoach.de\/scwp\/training\/koordinationstraining\/\" \/>\n<meta property=\"og:site_name\" content=\"Supercoach\" \/>\n<meta property=\"article:modified_time\" content=\"2022-04-15T05:51:12+00:00\" \/>\n<meta property=\"og:image\" content=\"http:\/\/www.supercoach.de\/scwp\/wp-content\/uploads\/2017\/08\/koordination.png\" \/>\n\t<meta property=\"og:image:width\" content=\"1267\" \/>\n\t<meta property=\"og:image:height\" content=\"712\" \/>\n\t<meta property=\"og:image:type\" content=\"image\/png\" \/>\n<meta name=\"twitter:card\" content=\"summary\" \/>\n<meta name=\"twitter:label1\" content=\"Gesch\u00e4tzte Lesezeit\" \/>\n\t<meta name=\"twitter:data1\" content=\"2\u00a0Minuten\" \/>\n<script type=\"application\/ld+json\" class=\"yoast-schema-graph\">{\"@context\":\"https:\/\/schema.org\",\"@graph\":[{\"@type\":\"WebSite\",\"@id\":\"http:\/\/www.supercoach.de\/scwp\/#website\",\"url\":\"http:\/\/www.supercoach.de\/scwp\/\",\"name\":\"Supercoach\",\"description\":\"Informationen rund um&#039;s Fu\u00dfball-(Jugend-)Training\",\"potentialAction\":[{\"@type\":\"SearchAction\",\"target\":{\"@type\":\"EntryPoint\",\"urlTemplate\":\"http:\/\/www.supercoach.de\/scwp\/?s={search_term_string}\"},\"query-input\":\"required name=search_term_string\"}],\"inLanguage\":\"de\"},{\"@type\":\"ImageObject\",\"@id\":\"http:\/\/www.supercoach.de\/scwp\/training\/koordinationstraining\/#primaryimage\",\"inLanguage\":\"de\",\"url\":\"http:\/\/www.supercoach.de\/scwp\/wp-content\/uploads\/2017\/08\/koordination.png\",\"contentUrl\":\"http:\/\/www.supercoach.de\/scwp\/wp-content\/uploads\/2017\/08\/koordination.png\",\"width\":1267,\"height\":712},{\"@type\":\"WebPage\",\"@id\":\"http:\/\/www.supercoach.de\/scwp\/training\/koordinationstraining\/#webpage\",\"url\":\"http:\/\/www.supercoach.de\/scwp\/training\/koordinationstraining\/\",\"name\":\"Koordinationstraining - Supercoach\",\"isPartOf\":{\"@id\":\"http:\/\/www.supercoach.de\/scwp\/#website\"},\"primaryImageOfPage\":{\"@id\":\"http:\/\/www.supercoach.de\/scwp\/training\/koordinationstraining\/#primaryimage\"},\"datePublished\":\"2022-04-15T05:45:40+00:00\",\"dateModified\":\"2022-04-15T05:51:12+00:00\",\"breadcrumb\":{\"@id\":\"http:\/\/www.supercoach.de\/scwp\/training\/koordinationstraining\/#breadcrumb\"},\"inLanguage\":\"de\",\"potentialAction\":[{\"@type\":\"ReadAction\",\"target\":[\"http:\/\/www.supercoach.de\/scwp\/training\/koordinationstraining\/\"]}]},{\"@type\":\"BreadcrumbList\",\"@id\":\"http:\/\/www.supercoach.de\/scwp\/training\/koordinationstraining\/#breadcrumb\",\"itemListElement\":[{\"@type\":\"ListItem\",\"position\":1,\"name\":\"Startseite\",\"item\":\"http:\/\/www.supercoach.de\/scwp\/\"},{\"@type\":\"ListItem\",\"position\":2,\"name\":\"Training\",\"item\":\"http:\/\/www.supercoach.de\/scwp\/training\/\"},{\"@type\":\"ListItem\",\"position\":3,\"name\":\"Koordinationstraining\"}]}]}<\/script>\n<!-- \/ Yoast SEO plugin. -->","yoast_head_json":{"title":"Koordinationstraining - Supercoach","robots":{"index":"index","follow":"follow","max-snippet":"max-snippet:-1","max-image-preview":"max-image-preview:large","max-video-preview":"max-video-preview:-1"},"canonical":"http:\/\/www.supercoach.de\/scwp\/training\/koordinationstraining\/","og_locale":"de_DE","og_type":"article","og_title":"Koordinationstraining - Supercoach","og_description":"Definition Koordination ist das Zusammenwirken des zentralen Nervensystems und der Skelettmuskulatur innerhalb eines gezielten Bewegungsablaufes. Hier unterscheidet man die intramuskul\u00e4re und die intermuskul\u00e4re Koordination. Die intramuskul\u00e4re Koordination bezeichnet die Abstimmung der einzelnen Muskelfasern eines Muskels. [...]","og_url":"http:\/\/www.supercoach.de\/scwp\/training\/koordinationstraining\/","og_site_name":"Supercoach","article_modified_time":"2022-04-15T05:51:12+00:00","og_image":[{"width":1267,"height":712,"url":"http:\/\/www.supercoach.de\/scwp\/wp-content\/uploads\/2017\/08\/koordination.png","type":"image\/png"}],"twitter_card":"summary","twitter_misc":{"Gesch\u00e4tzte Lesezeit":"2\u00a0Minuten"},"schema":{"@context":"https:\/\/schema.org","@graph":[{"@type":"WebSite","@id":"http:\/\/www.supercoach.de\/scwp\/#website","url":"http:\/\/www.supercoach.de\/scwp\/","name":"Supercoach","description":"Informationen rund um&#039;s Fu\u00dfball-(Jugend-)Training","potentialAction":[{"@type":"SearchAction","target":{"@type":"EntryPoint","urlTemplate":"http:\/\/www.supercoach.de\/scwp\/?s={search_term_string}"},"query-input":"required name=search_term_string"}],"inLanguage":"de"},{"@type":"ImageObject","@id":"http:\/\/www.supercoach.de\/scwp\/training\/koordinationstraining\/#primaryimage","inLanguage":"de","url":"http:\/\/www.supercoach.de\/scwp\/wp-content\/uploads\/2017\/08\/koordination.png","contentUrl":"http:\/\/www.supercoach.de\/scwp\/wp-content\/uploads\/2017\/08\/koordination.png","width":1267,"height":712},{"@type":"WebPage","@id":"http:\/\/www.supercoach.de\/scwp\/training\/koordinationstraining\/#webpage","url":"http:\/\/www.supercoach.de\/scwp\/training\/koordinationstraining\/","name":"Koordinationstraining - Supercoach","isPartOf":{"@id":"http:\/\/www.supercoach.de\/scwp\/#website"},"primaryImageOfPage":{"@id":"http:\/\/www.supercoach.de\/scwp\/training\/koordinationstraining\/#primaryimage"},"datePublished":"2022-04-15T05:45:40+00:00","dateModified":"2022-04-15T05:51:12+00:00","breadcrumb":{"@id":"http:\/\/www.supercoach.de\/scwp\/training\/koordinationstraining\/#breadcrumb"},"inLanguage":"de","potentialAction":[{"@type":"ReadAction","target":["http:\/\/www.supercoach.de\/scwp\/training\/koordinationstraining\/"]}]},{"@type":"BreadcrumbList","@id":"http:\/\/www.supercoach.de\/scwp\/training\/koordinationstraining\/#breadcrumb","itemListElement":[{"@type":"ListItem","position":1,"name":"Startseite","item":"http:\/\/www.supercoach.de\/scwp\/"},{"@type":"ListItem","position":2,"name":"Training","item":"http:\/\/www.supercoach.de\/scwp\/training\/"},{"@type":"ListItem","position":3,"name":"Koordinationstraining"}]}]}},"_links":{"self":[{"href":"http:\/\/www.supercoach.de\/scwp\/wp-json\/wp\/v2\/pages\/2395"}],"collection":[{"href":"http:\/\/www.supercoach.de\/scwp\/wp-json\/wp\/v2\/pages"}],"about":[{"href":"http:\/\/www.supercoach.de\/scwp\/wp-json\/wp\/v2\/types\/page"}],"author":[{"embeddable":true,"href":"http:\/\/www.supercoach.de\/scwp\/wp-json\/wp\/v2\/users\/1"}],"replies":[{"embeddable":true,"href":"http:\/\/www.supercoach.de\/scwp\/wp-json\/wp\/v2\/comments?post=2395"}],"version-history":[{"count":5,"href":"http:\/\/www.supercoach.de\/scwp\/wp-json\/wp\/v2\/pages\/2395\/revisions"}],"predecessor-version":[{"id":2406,"href":"http:\/\/www.supercoach.de\/scwp\/wp-json\/wp\/v2\/pages\/2395\/revisions\/2406"}],"up":[{"embeddable":true,"href":"http:\/\/www.supercoach.de\/scwp\/wp-json\/wp\/v2\/pages\/439"}],"wp:featuredmedia":[{"embeddable":true,"href":"http:\/\/www.supercoach.de\/scwp\/wp-json\/wp\/v2\/media\/699"}],"wp:attachment":[{"href":"http:\/\/www.supercoach.de\/scwp\/wp-json\/wp\/v2\/media?parent=2395"}],"curies":[{"name":"wp","href":"https:\/\/api.w.org\/{rel}","templated":true}]}}