{"id":19,"date":"2017-07-29T08:47:49","date_gmt":"2017-07-29T06:47:49","guid":{"rendered":"http:\/\/www.supercoach.de\/scwp\/?page_id=19"},"modified":"2024-04-09T19:18:51","modified_gmt":"2024-04-09T17:18:51","slug":"ueber-mich","status":"publish","type":"page","link":"http:\/\/www.supercoach.de\/scwp\/ueber-mich\/","title":{"rendered":"\u00dcber mich"},"content":{"rendered":"<p><strong>geboren:<\/strong> 25.05.1970 in K\u00f6ln<\/p>\n<p><strong>Schiedsrichter:<\/strong> 1994 &#8211; 1998 im Fu\u00dfball-Verband Mittelrhein (Kreis K\u00f6ln)<\/p>\n<p><strong>Trainer:<\/strong><\/p>\n<p><center><\/p>\n<table border=\"1\">\n<tr>\n<th>Saison<\/th>\n<th>Mannschaft<\/th>\n<th>Jahrgang<\/th>\n<th>Spielklasse<\/th>\n<th>Platz<\/th>\n<th>Punktschnitt<\/th>\n<\/tr>\n<tr>\n<td>1997\/98<\/td>\n<td>SC Fortuna K\u00f6ln C-Jgd<\/td>\n<td>1983\/84<\/td>\n<td>Leistungsklasse<\/td>\n<td>8.<\/td>\n<td>1,2<\/td>\n<\/tr>\n<tr>\n<td>1998\/99<\/td>\n<td>SC Fortuna K\u00f6ln C-Jgd<\/td>\n<td>1985<\/td>\n<td>Sonderklasse<\/td>\n<td>5.<\/td>\n<td>1,67<\/td>\n<\/tr>\n<tr>\n<td>1999\/00<\/td>\n<td>SC Fortuna K\u00f6ln C-Jgd<\/td>\n<td>1985<\/td>\n<td>Bezirksliga<\/td>\n<td>3.<\/td>\n<td>1,40<\/td>\n<\/tr>\n<tr>\n<td>2000\/01<\/td>\n<td>SC Fortuna K\u00f6ln C-Jgd<\/td>\n<td>1987<\/td>\n<td>Sonderklasse<\/td>\n<td>9.<\/td>\n<td>1,38<\/td>\n<\/tr>\n<tr>\n<td>2001\/02<\/td>\n<td>SC Fortuna K\u00f6ln C-Jgd<\/td>\n<td>1988<\/td>\n<td>Sonderklasse<\/td>\n<td>5.<\/td>\n<td>1,69<\/td>\n<\/tr>\n<tr>\n<td>2002\/03<\/td>\n<td>SC Fortuna K\u00f6ln C-Jgd<\/td>\n<td>1989<\/td>\n<td>Sonderklasse<\/td>\n<td>6.<\/td>\n<td>1,66<\/td>\n<\/tr>\n<tr>\n<td>2003\/04<\/td>\n<td>SC Fortuna K\u00f6ln B-Jgd<\/td>\n<td>1988<\/td>\n<td>Bezirksliga<\/td>\n<td>10.<\/td>\n<td>1,25<\/td>\n<\/tr>\n<tr>\n<td>2004\/05<\/td>\n<td>SC Fortuna K\u00f6ln B-Jgd<\/td>\n<td>1989<\/td>\n<td>Bezirksliga<\/td>\n<td>10.<\/td>\n<td>0,92<\/td>\n<\/tr>\n<tr>\n<td>2005\/06<\/td>\n<td>SC Fortuna K\u00f6ln B-Jgd<\/td>\n<td>1990<\/td>\n<td>Sonderklasse<\/td>\n<td>2.<\/td>\n<td>2,46<\/td>\n<\/tr>\n<tr>\n<td>2006\/07<\/td>\n<td>SC Fortuna K\u00f6ln C-Jgd<\/td>\n<td>1992<\/td>\n<td>Bezirksliga<\/td>\n<td>1.<\/td>\n<td>2,30<\/td>\n<\/tr>\n<tr>\n<td>2007\/08<\/td>\n<td>SC Fortuna K\u00f6ln B-Jgd<\/td>\n<td>1991<\/td>\n<td>Verbandsliga<\/td>\n<td>11.<\/td>\n<td>1,25<\/td>\n<\/tr>\n<tr>\n<td>2008\/09<\/td>\n<td>SC West K\u00f6ln B-Jgd<\/td>\n<td>1992<\/td>\n<td>Bezirksliga<\/td>\n<td>4.<\/td>\n<td>1,96<\/td>\n<\/tr>\n<tr>\n<td>2009\/10<\/td>\n<td>SC West K\u00f6ln B-Jgd<\/td>\n<td>1993<\/td>\n<td>Bezirksliga<\/td>\n<td>13.<\/td>\n<td>0,69<\/td>\n<\/tr>\n<tr>\n<td>2010\/11<\/td>\n<td>SC West K\u00f6ln A-Jgd<\/td>\n<td>1992<\/td>\n<td>Mittelrheinliga<\/td>\n<td>10.<\/td>\n<td>1,10<\/td>\n<\/tr>\n<tr>\n<td>2011\/12<\/td>\n<td>SC West K\u00f6ln C-Jgd<\/td>\n<td>1997<\/td>\n<td>Bezirksliga<\/td>\n<td>6.<\/td>\n<td>1,15<\/td>\n<\/tr>\n<tr>\n<td>2012\/13<\/td>\n<td>SV Refrath\/Frankenforst A-Jgd<\/td>\n<td>1994\/95<\/td>\n<td>Bezirksliga<\/td>\n<td>&nbsp;<\/td>\n<td>R\u00fccktritt<\/td>\n<\/tr>\n<\/table>\n<p><\/center><\/p>\n<p>In den folgenden Jahren gab es zwar immer wieder mal Angebote, um eine Mannschaft zu trainieren, aber das Richtige war nicht mehr dabei. Diese wurden dann von Halbjahr zu Halbjahr weniger, so dass es mittlerweile keinerlei Angebote mehr gibt. Das wiederum f\u00fchrt dazu, dass ich mich mit der Materie des Fu\u00dfballtrainings nicht mehr so intensiv auseinandersetze und neue \u00dcbungen auch nicht (mehr) auf Durchf\u00fchrbarkeit testen kann.<\/p>\n<p><strong>gr\u00f6\u00dfte Erfolge:<\/strong><br \/>\n<center><\/p>\n<table border=\"1\">\n<tr>\n<td>2006\/07<\/td>\n<td>Meister C-Jugend Bezirksliga mit dem SC Fortuna K\u00f6ln<\/td>\n<\/tr>\n<tr>\n<td>2007<\/td>\n<td>Aufstieg in die B-Jugend Verbandsliga mit dem SC Fortuna K\u00f6ln<\/td>\n<\/tr>\n<tr>\n<td>2010<\/td>\n<td>Aufstieg in die A-Jugend Mittelrheinliga mit dem SC West K\u00f6ln<\/td>\n<\/tr>\n<tr>\n<td>2011<\/td>\n<td>Kreispokalfinale mit der C1 des SC West K\u00f6ln<\/td>\n<\/tr>\n<\/table>\n<p><\/center><\/p>\n","protected":false},"excerpt":{"rendered":"<div class=\"mh-excerpt\"><p>geboren: 25.05.1970 in K\u00f6ln Schiedsrichter: 1994 &#8211; 1998 im Fu\u00dfball-Verband Mittelrhein (Kreis K\u00f6ln) Trainer: Saison Mannschaft Jahrgang Spielklasse Platz Punktschnitt 1997\/98 SC Fortuna K\u00f6ln C-Jgd 1983\/84 Leistungsklasse 8. 1,2 1998\/99 SC Fortuna K\u00f6ln C-Jgd 1985 <a class=\"mh-excerpt-more\" href=\"http:\/\/www.supercoach.de\/scwp\/ueber-mich\/\" title=\"\u00dcber mich\">[&#8230;]<\/a><\/p>\n<\/div>","protected":false},"author":1,"featured_media":0,"parent":0,"menu_order":0,"comment_status":"closed","ping_status":"closed","template":"","meta":[],"yoast_head":"<!-- This site is optimized with the Yoast SEO plugin v18.4.1 - https:\/\/yoast.com\/wordpress\/plugins\/seo\/ -->\n<title>\u00dcber mich - Supercoach<\/title>\n<meta name=\"robots\" content=\"index, follow, max-snippet:-1, max-image-preview:large, max-video-preview:-1\" \/>\n<link rel=\"canonical\" href=\"http:\/\/www.supercoach.de\/scwp\/ueber-mich\/\" \/>\n<meta property=\"og:locale\" content=\"de_DE\" \/>\n<meta property=\"og:type\" content=\"article\" \/>\n<meta property=\"og:title\" content=\"\u00dcber mich - Supercoach\" \/>\n<meta property=\"og:description\" content=\"geboren: 25.05.1970 in K\u00f6ln Schiedsrichter: 1994 &#8211; 1998 im Fu\u00dfball-Verband Mittelrhein (Kreis K\u00f6ln) Trainer: Saison Mannschaft Jahrgang Spielklasse Platz Punktschnitt 1997\/98 SC Fortuna K\u00f6ln C-Jgd 1983\/84 Leistungsklasse 8. 1,2 1998\/99 SC Fortuna K\u00f6ln C-Jgd 1985 [...]\" \/>\n<meta property=\"og:url\" content=\"http:\/\/www.supercoach.de\/scwp\/ueber-mich\/\" \/>\n<meta property=\"og:site_name\" content=\"Supercoach\" \/>\n<meta property=\"article:modified_time\" content=\"2024-04-09T17:18:51+00:00\" \/>\n<meta name=\"twitter:card\" content=\"summary\" \/>\n<meta name=\"twitter:label1\" content=\"Gesch\u00e4tzte Lesezeit\" \/>\n\t<meta name=\"twitter:data1\" content=\"1\u00a0Minute\" \/>\n<script type=\"application\/ld+json\" class=\"yoast-schema-graph\">{\"@context\":\"https:\/\/schema.org\",\"@graph\":[{\"@type\":\"WebSite\",\"@id\":\"http:\/\/www.supercoach.de\/scwp\/#website\",\"url\":\"http:\/\/www.supercoach.de\/scwp\/\",\"name\":\"Supercoach\",\"description\":\"Informationen rund um&#039;s Fu\u00dfball-(Jugend-)Training\",\"potentialAction\":[{\"@type\":\"SearchAction\",\"target\":{\"@type\":\"EntryPoint\",\"urlTemplate\":\"http:\/\/www.supercoach.de\/scwp\/?s={search_term_string}\"},\"query-input\":\"required name=search_term_string\"}],\"inLanguage\":\"de\"},{\"@type\":\"WebPage\",\"@id\":\"http:\/\/www.supercoach.de\/scwp\/ueber-mich\/#webpage\",\"url\":\"http:\/\/www.supercoach.de\/scwp\/ueber-mich\/\",\"name\":\"\u00dcber mich - Supercoach\",\"isPartOf\":{\"@id\":\"http:\/\/www.supercoach.de\/scwp\/#website\"},\"datePublished\":\"2017-07-29T06:47:49+00:00\",\"dateModified\":\"2024-04-09T17:18:51+00:00\",\"breadcrumb\":{\"@id\":\"http:\/\/www.supercoach.de\/scwp\/ueber-mich\/#breadcrumb\"},\"inLanguage\":\"de\",\"potentialAction\":[{\"@type\":\"ReadAction\",\"target\":[\"http:\/\/www.supercoach.de\/scwp\/ueber-mich\/\"]}]},{\"@type\":\"BreadcrumbList\",\"@id\":\"http:\/\/www.supercoach.de\/scwp\/ueber-mich\/#breadcrumb\",\"itemListElement\":[{\"@type\":\"ListItem\",\"position\":1,\"name\":\"Startseite\",\"item\":\"http:\/\/www.supercoach.de\/scwp\/\"},{\"@type\":\"ListItem\",\"position\":2,\"name\":\"\u00dcber mich\"}]}]}<\/script>\n<!-- \/ Yoast SEO plugin. -->","yoast_head_json":{"title":"\u00dcber mich - Supercoach","robots":{"index":"index","follow":"follow","max-snippet":"max-snippet:-1","max-image-preview":"max-image-preview:large","max-video-preview":"max-video-preview:-1"},"canonical":"http:\/\/www.supercoach.de\/scwp\/ueber-mich\/","og_locale":"de_DE","og_type":"article","og_title":"\u00dcber mich - Supercoach","og_description":"geboren: 25.05.1970 in K\u00f6ln Schiedsrichter: 1994 &#8211; 1998 im Fu\u00dfball-Verband Mittelrhein (Kreis K\u00f6ln) Trainer: Saison Mannschaft Jahrgang Spielklasse Platz Punktschnitt 1997\/98 SC Fortuna K\u00f6ln C-Jgd 1983\/84 Leistungsklasse 8. 1,2 1998\/99 SC Fortuna K\u00f6ln C-Jgd 1985 [...]","og_url":"http:\/\/www.supercoach.de\/scwp\/ueber-mich\/","og_site_name":"Supercoach","article_modified_time":"2024-04-09T17:18:51+00:00","twitter_card":"summary","twitter_misc":{"Gesch\u00e4tzte Lesezeit":"1\u00a0Minute"},"schema":{"@context":"https:\/\/schema.org","@graph":[{"@type":"WebSite","@id":"http:\/\/www.supercoach.de\/scwp\/#website","url":"http:\/\/www.supercoach.de\/scwp\/","name":"Supercoach","description":"Informationen rund um&#039;s Fu\u00dfball-(Jugend-)Training","potentialAction":[{"@type":"SearchAction","target":{"@type":"EntryPoint","urlTemplate":"http:\/\/www.supercoach.de\/scwp\/?s={search_term_string}"},"query-input":"required name=search_term_string"}],"inLanguage":"de"},{"@type":"WebPage","@id":"http:\/\/www.supercoach.de\/scwp\/ueber-mich\/#webpage","url":"http:\/\/www.supercoach.de\/scwp\/ueber-mich\/","name":"\u00dcber mich - Supercoach","isPartOf":{"@id":"http:\/\/www.supercoach.de\/scwp\/#website"},"datePublished":"2017-07-29T06:47:49+00:00","dateModified":"2024-04-09T17:18:51+00:00","breadcrumb":{"@id":"http:\/\/www.supercoach.de\/scwp\/ueber-mich\/#breadcrumb"},"inLanguage":"de","potentialAction":[{"@type":"ReadAction","target":["http:\/\/www.supercoach.de\/scwp\/ueber-mich\/"]}]},{"@type":"BreadcrumbList","@id":"http:\/\/www.supercoach.de\/scwp\/ueber-mich\/#breadcrumb","itemListElement":[{"@type":"ListItem","position":1,"name":"Startseite","item":"http:\/\/www.supercoach.de\/scwp\/"},{"@type":"ListItem","position":2,"name":"\u00dcber mich"}]}]}},"_links":{"self":[{"href":"http:\/\/www.supercoach.de\/scwp\/wp-json\/wp\/v2\/pages\/19"}],"collection":[{"href":"http:\/\/www.supercoach.de\/scwp\/wp-json\/wp\/v2\/pages"}],"about":[{"href":"http:\/\/www.supercoach.de\/scwp\/wp-json\/wp\/v2\/types\/page"}],"author":[{"embeddable":true,"href":"http:\/\/www.supercoach.de\/scwp\/wp-json\/wp\/v2\/users\/1"}],"replies":[{"embeddable":true,"href":"http:\/\/www.supercoach.de\/scwp\/wp-json\/wp\/v2\/comments?post=19"}],"version-history":[{"count":11,"href":"http:\/\/www.supercoach.de\/scwp\/wp-json\/wp\/v2\/pages\/19\/revisions"}],"predecessor-version":[{"id":2688,"href":"http:\/\/www.supercoach.de\/scwp\/wp-json\/wp\/v2\/pages\/19\/revisions\/2688"}],"wp:attachment":[{"href":"http:\/\/www.supercoach.de\/scwp\/wp-json\/wp\/v2\/media?parent=19"}],"curies":[{"name":"wp","href":"https:\/\/api.w.org\/{rel}","templated":true}]}}