{"id":18,"date":"2017-07-29T08:47:49","date_gmt":"2017-07-29T06:47:49","guid":{"rendered":"http:\/\/www.supercoach.de\/scwp\/?page_id=18"},"modified":"2024-06-15T17:11:23","modified_gmt":"2024-06-15T15:11:23","slug":"startseite","status":"publish","type":"page","link":"http:\/\/www.supercoach.de\/scwp\/","title":{"rendered":"Startseite"},"content":{"rendered":"<p><span style=\"font-family: Arial,Helvetica;\"><b>Warum<\/b> \u00fcberhaupt diese Seite<b>?<\/b> Im Jahr 2000 ist mir pers\u00f6nlich nach jahrelangem Surfen aufgefallen, dass es eigentlich recht wenige Seiten gab, die sich mit dem Thema &#8222;Fu\u00dfballtraining&#8220; besch\u00e4ftigen, so dass ich irgendwann anfing, selber an einer Seite zu basteln. Das Rad konnte und wollte ich dabei sicherlich nicht neu erfinden, aber vielleicht &#8211; so war der Gedanke &#8211; w\u00fcrde der ein oder andere &#8222;erfahrene Hase&#8220; hier etwas finden, was er noch nicht kannte. Zumindest sollten Neulinge mit <span style=\"color: #ffffff;\">www.supercoach.de<\/span> ein Hilfsmittel an der Hand haben!<br \/>\n<\/span><\/p>\n<p><span style=\"font-family: Arial,Helvetica;\">(\u00dcbrigens: Der Name <span style=\"color: white;\">supercoach<\/span> ist nicht aus Gr\u00f6\u00dfenwahn entstanden. Vielmehr gab es zum Zeitpunkt der Registrierung keine anderen einpr\u00e4gsamen Namen im Zusammenhang mit Fu\u00dfball mehr, so dass dies die einzig vern\u00fcnftige Alternative war.) <\/span><\/p>\n","protected":false},"excerpt":{"rendered":"<div class=\"mh-excerpt\"><p>Warum \u00fcberhaupt diese Seite? Im Jahr 2000 ist mir pers\u00f6nlich nach jahrelangem Surfen aufgefallen, dass es eigentlich recht wenige Seiten gab, die sich mit dem Thema &#8222;Fu\u00dfballtraining&#8220; besch\u00e4ftigen, so dass ich irgendwann anfing, selber an <a class=\"mh-excerpt-more\" href=\"http:\/\/www.supercoach.de\/scwp\/\" title=\"Startseite\">[&#8230;]<\/a><\/p>\n<\/div>","protected":false},"author":1,"featured_media":0,"parent":0,"menu_order":0,"comment_status":"closed","ping_status":"closed","template":"template-homepage.php","meta":[],"yoast_head":"<!-- This site is optimized with the Yoast SEO plugin v18.4.1 - https:\/\/yoast.com\/wordpress\/plugins\/seo\/ -->\n<title>Startseite - Supercoach<\/title>\n<meta name=\"robots\" content=\"index, follow, max-snippet:-1, max-image-preview:large, max-video-preview:-1\" \/>\n<link rel=\"canonical\" href=\"http:\/\/www.supercoach.de\/scwp\/\" \/>\n<meta property=\"og:locale\" content=\"de_DE\" \/>\n<meta property=\"og:type\" content=\"article\" \/>\n<meta property=\"og:title\" content=\"Startseite - Supercoach\" \/>\n<meta property=\"og:description\" content=\"Warum \u00fcberhaupt diese Seite? Im Jahr 2000 ist mir pers\u00f6nlich nach jahrelangem Surfen aufgefallen, dass es eigentlich recht wenige Seiten gab, die sich mit dem Thema &#8222;Fu\u00dfballtraining&#8220; besch\u00e4ftigen, so dass ich irgendwann anfing, selber an [...]\" \/>\n<meta property=\"og:url\" content=\"http:\/\/www.supercoach.de\/scwp\/\" \/>\n<meta property=\"og:site_name\" content=\"Supercoach\" \/>\n<meta property=\"article:modified_time\" content=\"2024-06-15T15:11:23+00:00\" \/>\n<meta name=\"twitter:card\" content=\"summary\" \/>\n<meta name=\"twitter:label1\" content=\"Gesch\u00e4tzte Lesezeit\" \/>\n\t<meta name=\"twitter:data1\" content=\"1\u00a0Minute\" \/>\n<script type=\"application\/ld+json\" class=\"yoast-schema-graph\">{\"@context\":\"https:\/\/schema.org\",\"@graph\":[{\"@type\":\"WebSite\",\"@id\":\"http:\/\/www.supercoach.de\/scwp\/#website\",\"url\":\"http:\/\/www.supercoach.de\/scwp\/\",\"name\":\"Supercoach\",\"description\":\"Informationen rund um&#039;s Fu\u00dfball-(Jugend-)Training\",\"potentialAction\":[{\"@type\":\"SearchAction\",\"target\":{\"@type\":\"EntryPoint\",\"urlTemplate\":\"http:\/\/www.supercoach.de\/scwp\/?s={search_term_string}\"},\"query-input\":\"required name=search_term_string\"}],\"inLanguage\":\"de\"},{\"@type\":\"WebPage\",\"@id\":\"http:\/\/www.supercoach.de\/scwp\/#webpage\",\"url\":\"http:\/\/www.supercoach.de\/scwp\/\",\"name\":\"Startseite - Supercoach\",\"isPartOf\":{\"@id\":\"http:\/\/www.supercoach.de\/scwp\/#website\"},\"datePublished\":\"2017-07-29T06:47:49+00:00\",\"dateModified\":\"2024-06-15T15:11:23+00:00\",\"breadcrumb\":{\"@id\":\"http:\/\/www.supercoach.de\/scwp\/#breadcrumb\"},\"inLanguage\":\"de\",\"potentialAction\":[{\"@type\":\"ReadAction\",\"target\":[\"http:\/\/www.supercoach.de\/scwp\/\"]}]},{\"@type\":\"BreadcrumbList\",\"@id\":\"http:\/\/www.supercoach.de\/scwp\/#breadcrumb\",\"itemListElement\":[{\"@type\":\"ListItem\",\"position\":1,\"name\":\"Startseite\",\"item\":\"http:\/\/www.supercoach.de\/scwp\/\"},{\"@type\":\"ListItem\",\"position\":2,\"name\":\"Startseite\"}]}]}<\/script>\n<!-- \/ Yoast SEO plugin. -->","yoast_head_json":{"title":"Startseite - Supercoach","robots":{"index":"index","follow":"follow","max-snippet":"max-snippet:-1","max-image-preview":"max-image-preview:large","max-video-preview":"max-video-preview:-1"},"canonical":"http:\/\/www.supercoach.de\/scwp\/","og_locale":"de_DE","og_type":"article","og_title":"Startseite - Supercoach","og_description":"Warum \u00fcberhaupt diese Seite? Im Jahr 2000 ist mir pers\u00f6nlich nach jahrelangem Surfen aufgefallen, dass es eigentlich recht wenige Seiten gab, die sich mit dem Thema &#8222;Fu\u00dfballtraining&#8220; besch\u00e4ftigen, so dass ich irgendwann anfing, selber an [...]","og_url":"http:\/\/www.supercoach.de\/scwp\/","og_site_name":"Supercoach","article_modified_time":"2024-06-15T15:11:23+00:00","twitter_card":"summary","twitter_misc":{"Gesch\u00e4tzte Lesezeit":"1\u00a0Minute"},"schema":{"@context":"https:\/\/schema.org","@graph":[{"@type":"WebSite","@id":"http:\/\/www.supercoach.de\/scwp\/#website","url":"http:\/\/www.supercoach.de\/scwp\/","name":"Supercoach","description":"Informationen rund um&#039;s Fu\u00dfball-(Jugend-)Training","potentialAction":[{"@type":"SearchAction","target":{"@type":"EntryPoint","urlTemplate":"http:\/\/www.supercoach.de\/scwp\/?s={search_term_string}"},"query-input":"required name=search_term_string"}],"inLanguage":"de"},{"@type":"WebPage","@id":"http:\/\/www.supercoach.de\/scwp\/#webpage","url":"http:\/\/www.supercoach.de\/scwp\/","name":"Startseite - Supercoach","isPartOf":{"@id":"http:\/\/www.supercoach.de\/scwp\/#website"},"datePublished":"2017-07-29T06:47:49+00:00","dateModified":"2024-06-15T15:11:23+00:00","breadcrumb":{"@id":"http:\/\/www.supercoach.de\/scwp\/#breadcrumb"},"inLanguage":"de","potentialAction":[{"@type":"ReadAction","target":["http:\/\/www.supercoach.de\/scwp\/"]}]},{"@type":"BreadcrumbList","@id":"http:\/\/www.supercoach.de\/scwp\/#breadcrumb","itemListElement":[{"@type":"ListItem","position":1,"name":"Startseite","item":"http:\/\/www.supercoach.de\/scwp\/"},{"@type":"ListItem","position":2,"name":"Startseite"}]}]}},"_links":{"self":[{"href":"http:\/\/www.supercoach.de\/scwp\/wp-json\/wp\/v2\/pages\/18"}],"collection":[{"href":"http:\/\/www.supercoach.de\/scwp\/wp-json\/wp\/v2\/pages"}],"about":[{"href":"http:\/\/www.supercoach.de\/scwp\/wp-json\/wp\/v2\/types\/page"}],"author":[{"embeddable":true,"href":"http:\/\/www.supercoach.de\/scwp\/wp-json\/wp\/v2\/users\/1"}],"replies":[{"embeddable":true,"href":"http:\/\/www.supercoach.de\/scwp\/wp-json\/wp\/v2\/comments?post=18"}],"version-history":[{"count":5,"href":"http:\/\/www.supercoach.de\/scwp\/wp-json\/wp\/v2\/pages\/18\/revisions"}],"predecessor-version":[{"id":2697,"href":"http:\/\/www.supercoach.de\/scwp\/wp-json\/wp\/v2\/pages\/18\/revisions\/2697"}],"wp:attachment":[{"href":"http:\/\/www.supercoach.de\/scwp\/wp-json\/wp\/v2\/media?parent=18"}],"curies":[{"name":"wp","href":"https:\/\/api.w.org\/{rel}","templated":true}]}}