{"id":176,"date":"2017-07-29T14:08:21","date_gmt":"2017-07-29T12:08:21","guid":{"rendered":"http:\/\/www.supercoach.de\/scwp\/?page_id=176"},"modified":"2017-07-29T14:08:21","modified_gmt":"2017-07-29T12:08:21","slug":"gaestebuch","status":"publish","type":"page","link":"http:\/\/www.supercoach.de\/scwp\/gaestebuch\/","title":{"rendered":"G\u00e4stebuch"},"content":{"rendered":"<div class=\"gwolle-gb\"><div class=\"gwolle_gb_messages_top_container gwolle-gb-messages-top-container\"><\/div>\n\t\t\t<div class=\"gwolle-gb-write-button\">\n\t\t\t\t<input type=\"button\" name=\"gwolle-gb-write-button\" class=\"button btn btn-default \" value=\"Neuen Eintrag schreiben\" aria-expanded=\"false\" \/>\n\t\t\t<\/div>\n\t\t\t<form action=\"#\" method=\"POST\" class=\"gwolle-gb-write gwolle-gb-hide gwolle-gb-float gwolle_gb_form_ajax gwolle-gb-form-ajax gwolle-gb-ajax gwolle-gb-not-logged-in\">\n\t\t\t\t<h3>G\u00e4stebucheintrag schreiben<\/h3>\n\t\t\t\t<button type=\"button\" class=\"gb-notice-dismiss\">x<span class=\"screen-reader-text\">Dieses Formular ausblenden<\/span><\/button>\n\t\t\t\n\t\t\t\t<input type=\"hidden\" name=\"gwolle_gb_function\" class=\"gwolle_gb_function\" value=\"add_entry\" \/><input type=\"hidden\" name=\"gwolle_gb_book_id\" class=\"gwolle_gb_book_id\" value=\"1\" \/><div class=\"gwolle_gb_5b06892218b70a94882aa57f7f8e4fea\">\n\t\t\t\t<div class=\"label\"><label for=\"gwolle_gb_5b06892218b70a94882aa57f7f8e4fea-1\" class=\"text-info\">Name <span class=\"required\">*<\/span><\/label><\/div>\n\t\t\t\t<div class=\"input\"><input class=\"wp-exclude-emoji gwolle_gb_5b06892218b70a94882aa57f7f8e4fea\" value=\"\" type=\"text\" id=\"gwolle_gb_5b06892218b70a94882aa57f7f8e4fea-1\" name=\"gwolle_gb_5b06892218b70a94882aa57f7f8e4fea\" required \/><\/div>\n\t\t\t\t<div class=\"clearBoth\">&nbsp;<\/div>\n\t\t\t<\/div><div class=\"gwolle_gb_4d0091f2c797ed6d2be14d5d5567f666\">\n\t\t\t\t\t<div class=\"label\"><label for=\"gwolle_gb_4d0091f2c797ed6d2be14d5d5567f666-1\" class=\"text-info\">Stadt<\/label><\/div>\n\t\t\t\t\t<div class=\"input\"><input class=\"wp-exclude-emoji gwolle_gb_4d0091f2c797ed6d2be14d5d5567f666\" value=\"\" type=\"text\" id=\"gwolle_gb_4d0091f2c797ed6d2be14d5d5567f666-1\" name=\"gwolle_gb_4d0091f2c797ed6d2be14d5d5567f666\" \/><\/div>\n\t\t\t\t\t<div class=\"clearBoth\">&nbsp;<\/div>\n\t\t\t\t<\/div><div class=\"gwolle_gb_f5d7d3c52efb5709d2efc367b1a6498f\">\n\t\t\t\t<div class=\"label\"><label for=\"gwolle_gb_f5d7d3c52efb5709d2efc367b1a6498f-1\" class=\"text-info\">E-Mail <span class=\"required\">*<\/span><\/label><\/div>\n\t\t\t\t<div class=\"input\"><input class=\"gwolle_gb_f5d7d3c52efb5709d2efc367b1a6498f\" value=\"\" type=\"email\" id=\"gwolle_gb_f5d7d3c52efb5709d2efc367b1a6498f-1\" name=\"gwolle_gb_f5d7d3c52efb5709d2efc367b1a6498f\" required \/><\/div>\n\t\t\t\t<div class=\"clearBoth\">&nbsp;<\/div>\n\t\t\t<\/div><div class=\"gwolle_gb_bba6984f23b40a7eb144452d57a112c5\">\n\t\t\t\t<div class=\"label\"><label for=\"gwolle_gb_bba6984f23b40a7eb144452d57a112c5-1\" class=\"text-info\">Website<\/label><\/div>\n\t\t\t\t<div class=\"input\"><input class=\"gwolle_gb_bba6984f23b40a7eb144452d57a112c5\" value=\"\" type=\"url\" id=\"gwolle_gb_bba6984f23b40a7eb144452d57a112c5-1\" name=\"gwolle_gb_bba6984f23b40a7eb144452d57a112c5\" \/><\/div>\n\t\t\t\t<div class=\"clearBoth\">&nbsp;<\/div>\n\t\t\t<\/div>\n\t\t\t<div class=\"gwolle_gb_3938631b70f809d02e0cf19dd35e62ab\" style=\"display:none;overflow:hidden;\" hidden=\"true\" aria-hidden=\"true\">\n\t\t\t\t<div class=\"label\">\n\t\t\t\t\t<label for=\"gwolle_gb_3938631b70f809d02e0cf19dd35e62ab-1\" class=\"text-primary\">Hier nichts eingeben<\/label>\n\t\t\t\t\t<label for=\"gwolle_gb_3a6575312f6946420d4006298ec4e106-1\" class=\"text-primary\">Hier nichts eingeben<\/label>\n\t\t\t\t<\/div>\n\t\t\t\t<div class=\"input\">\n\t\t\t\t\t<input value=\"68\" type=\"text\" id=\"gwolle_gb_3938631b70f809d02e0cf19dd35e62ab-1\" name=\"gwolle_gb_3938631b70f809d02e0cf19dd35e62ab\" class=\"gwolle_gb_3938631b70f809d02e0cf19dd35e62ab\" style=\"transform: translateY(10000px);\" \/>\n\t\t\t\t\t<input value=\"\" type=\"text\" name=\"gwolle_gb_3a6575312f6946420d4006298ec4e106\" id=\"gwolle_gb_3a6575312f6946420d4006298ec4e106-1\" class=\"gwolle_gb_3a6575312f6946420d4006298ec4e106\" style=\"transform: translateY(10000px);\" \/>\n\t\t\t\t<\/div>\n\t\t\t\t<div class=\"clearBoth\"><\/div>\n\t\t\t<\/div>\n\t\t\t<div class=\"gwolle_gb_ac6a1bce8f12660fd2b88024ec91128a\" style=\"display:none;overflow:hidden;\" hidden=\"true\" aria-hidden=\"true\">\n\t\t\t\t<div class=\"label\">\n\t\t\t\t\t<label for=\"gwolle_gb_ac6a1bce8f12660fd2b88024ec91128a-1\" class=\"text-primary\">Hier nichts eingeben<\/label>\n\t\t\t\t\t<label for=\"gwolle_gb_84673af491974bf31e04c2365b640fd1-1\" class=\"text-primary\">Hier nichts eingeben<\/label>\n\t\t\t\t<\/div>\n\t\t\t\t<div class=\"input\">\n\t\t\t\t\t<input value=\"29107\" type=\"text\" id=\"gwolle_gb_ac6a1bce8f12660fd2b88024ec91128a-1\" name=\"gwolle_gb_ac6a1bce8f12660fd2b88024ec91128a\" class=\"gwolle_gb_ac6a1bce8f12660fd2b88024ec91128a\" style=\"transform: translateY(10000px);\" \/>\n\t\t\t\t\t<input value=\"29107\" type=\"text\"id=\"gwolle_gb_84673af491974bf31e04c2365b640fd1-1\" name=\"gwolle_gb_84673af491974bf31e04c2365b640fd1\" class=\"gwolle_gb_84673af491974bf31e04c2365b640fd1\" style=\"transform: translateY(10000px);\" \/>\n\t\t\t\t<\/div>\n\t\t\t\t<div class=\"clearBoth\"><\/div>\n\t\t\t<\/div><div class=\"gwolle_gb_content\">\n\t\t\t\t<div class=\"label\"><label for=\"gwolle_gb_content-1\" class=\"text-info\">G\u00e4stebucheintrag <span class=\"required\">*<\/span><\/label><\/div>\n\t\t\t\t<div class=\"input\"><textarea id=\"gwolle_gb_content-1\" name=\"gwolle_gb_content\" class=\"gwolle_gb_content wp-exclude-emoji\" required ><\/textarea><\/div>\n\t\t\t\t\t<div class=\"clearBoth\">&nbsp;<\/div>\n\t\t\t\t<\/div>\n\t\t\t\t<div class=\"gwolle_gb_antispam\">\n\t\t\t\t\t<div class=\"label\">\n\t\t\t\t\t\t<label for=\"gwolle_gb_b7ba5d39890692b148c296e266d5d101-1\" class=\"text-info\">Frage: 3+3 <span class=\"required\">*<\/span><\/label>\n\t\t\t\t\t<\/div>\n\t\t\t\t\t<div class=\"input\"><input class=\"gwolle_gb_b7ba5d39890692b148c296e266d5d101\" value=\"\" type=\"text\" id=\"gwolle_gb_b7ba5d39890692b148c296e266d5d101-1\" name=\"gwolle_gb_b7ba5d39890692b148c296e266d5d101\" required \/>\n\t\t\t\t\t\t<\/div>\n\t\t\t\t\t\t<div class=\"clearBoth\">&nbsp;<\/div>\n\t\t\t\t\t<\/div><input type=\"hidden\" class=\"gwolle_gb_da28cfc44b18d4b15bee61393895208a\" id=\"gwolle_gb_da28cfc44b18d4b15bee61393895208a-1\" name=\"gwolle_gb_da28cfc44b18d4b15bee61393895208a\" value=\"3089d86678\" \/>\n\t\t\t<div class=\"gwolle_gb_messages_bottom_container gwolle-gb-messages-bottom-container\"><\/div>\n\n\t\t\t<noscript><div class=\"no-js\">Warnung: Dieses Formular kann nur verwendet werden, wenn in deinem Browser JavaScript aktiviert ist.<\/div><\/noscript>\n\n\t\t\t<div class=\"gwolle_gb_submit\">\n\t\t\t\t<div class=\"label gwolle-gb-invisible text-muted\">&nbsp;<\/div>\n\t\t\t\t<div class=\"input\">\n\t\t\t\t\t<input type=\"submit\" name=\"gwolle_gb_submit\" class=\"gwolle_gb_submit button btn btn-primary \" value=\"Absenden\" \/>\n\t\t\t\t\t<span class=\"gwolle_gb_submit_ajax_icon\"><\/span>\n\t\t\t\n\t\t\t\t<\/div>\n\t\t\t\t<div class=\"clearBoth\">&nbsp;<\/div>\n\t\t\t<\/div>\n\n\t\t\t<div class=\"gwolle_gb_notice\">\n\t\t\t\tMit * gekennzeichnete Felder sind Pflichtfelder.<br \/>\r\nDie Email-Adresse wird nicht ver\u00f6ffentlicht. Aus Sicherheitsgr\u00fcnden speichern wir die IP-Adresse 216.73.216.51.<br \/>\r\nEs k\u00f6nnte sein, dass der Eintrag im G\u00e4stebuch erst sichtbar ist, nachdem wir ihn gepr\u00fcft haben.<br \/>\r\nWir behalten uns das Recht vor, Eintr\u00e4ge zu bearbeiten, zu l\u00f6schen oder Eintr\u00e4ge nicht zu ver\u00f6ffentlichen.\n\t\t\t<\/div><\/form><div class=\"gwolle-gb-read gwolle-gb-ajax gwolle-gb-entries-list\" data-book_id=\"1\" data-page_id=\"1\">\n\t\t<div id=\"gwolle-gb-total\" class=\"gwolle-gb-total\">2 Eintr\u00e4ge<\/div><!-- Gwolle-GB Entry: Default Template Loaded -->\n\t\t\t\t<div class=\"gb-entry gb-entry_108 gb-entry-count_1 gwolle_gb_uneven gwolle-gb-uneven gwolle-gb-first\" id=\"gb-entry_108\" data-entry_id=\"108\">\n\t\t\t\t<article>\n\t\t\t\t\t<div class=\"gb-author-info\">\n\t\t\t\t\t\t<span class=\"gb-author-avatar\"><img referrerpolicy=\"no-referrer\" alt='Hirschberger' src='http:\/\/2.gravatar.com\/avatar\/2272b502ca989eb8d93aab0b5ea85e1d?s=32&#038;d=mm&#038;r=g' srcset='http:\/\/2.gravatar.com\/avatar\/2272b502ca989eb8d93aab0b5ea85e1d?s=64&#038;d=mm&#038;r=g 2x' class='avatar avatar-32 photo' height='32' width='32' loading='lazy'\/><\/span>\n\t\t\t\t\t\t<span class=\"gb-author-name\"><a href=\"https:\/\/www.sportfoerderungnf.de\/\" target=\"_blank\" rel=\"nofollow noopener noreferrer\"\n\t\t\t\t\t\t\ttitle=\"Besuche die Website von Hirschberger: https:\/\/www.sportfoerderungnf.de\/\">Hirschberger<\/a>\n\t\t\t\t\t\t<\/span>\n\t\t\t\t\t\t<span class=\"gb-author-origin\">\n\t\t\t\t\t\t\t<span class=\"gb-author-origin-from-text\"> aus<\/span>\n\t\t\t\t\t\t\t<span class=\"gb-author-origin-text\"> F\u00fcrth\/Bayern<\/span>\n\t\t\t\t\t\t<\/span>\n\t\t\t\t\t\t<span class=\"gb-datetime\">\n\t\t\t\t\t\t\t<span class=\"gb-date\"><span class=\"gb-date-wrote-text\"> schrieb am<\/span><span class=\"gb-date-text\"> 22. April 2020<\/span>\n\t\t\t\t\t\t\t<\/span><span class=\"gb-time\">\n\t\t\t\t\t\t\t\t\t<span class=\"gb-time-at-text\"> um<\/span>\n\t\t\t\t\t\t\t\t\t<span class=\"gb-time-text\"> 00:03<\/span>\n\t\t\t\t\t\t\t\t<\/span>\n\t\t\t\t\t\t<\/span> \n\t\t\t\t\t<\/div>\n\t\t\t\t\t<div class=\"gb-entry-content\">Klasse Seite, seit ich denken kann, schau ich hier mal vorbei. Eine der \u00e4ltesten Infoseiten f\u00fcr Trainer.\n\t\t\t\t\t<\/div>\n\t\t\t\t\t<div class=\"gb-entry-admin_reply\">\n\t\t\t\t\t\t<div class=\"gb-admin_reply_uid gb-admin-reply-uid\">\n\t\t\t\t\t\t\t<em>Administrator-Antwort von: supercoach<\/em>\n\t\t\t\t\t\t<\/div> \n\t\t\t\t\t\t<div class=\"gb-admin_reply_content gb-admin-reply-content\">\n\t\t\t\t\t\tVielen Dank!\r\nJa, supercoach.de ist mittlerweile schon sehr lange am Start. Leider h\u00e4lt sich die Beteiligung anderer Trainer jedoch sehr stark in Grenzen.\n\t\t\t\t\t\t<\/div>\n\t\t\t\t\t<\/div>\n\t\t\t\t<\/article>\n\t\t\t<\/div>\n\t\t\t<div class=\"gb-entry gb-entry_10 gb-entry-count_2 gwolle_gb_even gwolle-gb-even\" id=\"gb-entry_10\" data-entry_id=\"10\">\n\t\t\t\t<article>\n\t\t\t\t\t<div class=\"gb-author-info\">\n\t\t\t\t\t\t<span class=\"gb-author-avatar\"><img referrerpolicy=\"no-referrer\" alt='Marco W.' src='http:\/\/0.gravatar.com\/avatar\/9658f7e5e55108baef1dacfb9c87d142?s=32&#038;d=mm&#038;r=g' srcset='http:\/\/0.gravatar.com\/avatar\/9658f7e5e55108baef1dacfb9c87d142?s=64&#038;d=mm&#038;r=g 2x' class='avatar avatar-32 photo' height='32' width='32' loading='lazy'\/><\/span>\n\t\t\t\t\t\t<span class=\"gb-author-name\"><a href=\"https:\/\/leuchtturmkicker.jimdo.com\/\" target=\"_blank\" rel=\"nofollow noopener noreferrer\"\n\t\t\t\t\t\t\ttitle=\"Besuche die Website von Marco W.: https:\/\/leuchtturmkicker.jimdo.com\/\">Marco W.<\/a>\n\t\t\t\t\t\t<\/span>\n\t\t\t\t\t\t<span class=\"gb-author-origin\">\n\t\t\t\t\t\t\t<span class=\"gb-author-origin-from-text\"> aus<\/span>\n\t\t\t\t\t\t\t<span class=\"gb-author-origin-text\"> Kiel<\/span>\n\t\t\t\t\t\t<\/span>\n\t\t\t\t\t\t<span class=\"gb-datetime\">\n\t\t\t\t\t\t\t<span class=\"gb-date\"><span class=\"gb-date-wrote-text\"> schrieb am<\/span><span class=\"gb-date-text\"> 11. September 2018<\/span>\n\t\t\t\t\t\t\t<\/span><span class=\"gb-time\">\n\t\t\t\t\t\t\t\t\t<span class=\"gb-time-at-text\"> um<\/span>\n\t\t\t\t\t\t\t\t\t<span class=\"gb-time-text\"> 11:35<\/span>\n\t\t\t\t\t\t\t\t<\/span>\n\t\t\t\t\t\t<\/span> \n\t\t\t\t\t<\/div>\n\t\t\t\t\t<div class=\"gb-entry-content\">Moin Moin,\r\ntolle Seite. Die alte Homepage kannte ich auch noch.\r\nGr\u00fc\u00dfe aus Kiel\r\nMarco W.\r\nTrainer JFV Kieler F\u00f6rde\r\nhttps:\/\/leuchtturmkicker.jimdo.com\/\n\t\t\t\t\t<\/div>\n\t\t\t\t\t<div class=\"gb-entry-admin_reply\">\n\t\t\t\t\t\t<div class=\"gb-admin_reply_uid gb-admin-reply-uid\">\n\t\t\t\t\t\t\t<em>Administrator-Antwort von: supercoach<\/em>\n\t\t\t\t\t\t<\/div> \n\t\t\t\t\t\t<div class=\"gb-admin_reply_content gb-admin-reply-content\">\n\t\t\t\t\t\tVielen Dank! Sch\u00f6n, da\u00df Du beide Versionen kennst.\n\t\t\t\t\t\t<\/div>\n\t\t\t\t\t<\/div>\n\t\t\t\t<\/article>\n\t\t\t<\/div>\n\t\t\t<\/div><\/div>\n","protected":false},"excerpt":{"rendered":"<div class=\"mh-excerpt\"><\/div>","protected":false},"author":1,"featured_media":0,"parent":0,"menu_order":0,"comment_status":"closed","ping_status":"closed","template":"","meta":[],"yoast_head":"<!-- This site is optimized with the Yoast SEO plugin v18.4.1 - https:\/\/yoast.com\/wordpress\/plugins\/seo\/ -->\n<title>G\u00e4stebuch - Supercoach<\/title>\n<meta name=\"robots\" content=\"index, follow, max-snippet:-1, max-image-preview:large, max-video-preview:-1\" \/>\n<link rel=\"canonical\" href=\"http:\/\/www.supercoach.de\/scwp\/gaestebuch\/\" \/>\n<meta property=\"og:locale\" content=\"de_DE\" \/>\n<meta property=\"og:type\" content=\"article\" \/>\n<meta property=\"og:title\" content=\"G\u00e4stebuch - Supercoach\" \/>\n<meta property=\"og:url\" content=\"http:\/\/www.supercoach.de\/scwp\/gaestebuch\/\" \/>\n<meta property=\"og:site_name\" content=\"Supercoach\" \/>\n<meta name=\"twitter:card\" content=\"summary\" \/>\n<script type=\"application\/ld+json\" class=\"yoast-schema-graph\">{\"@context\":\"https:\/\/schema.org\",\"@graph\":[{\"@type\":\"WebSite\",\"@id\":\"http:\/\/www.supercoach.de\/scwp\/#website\",\"url\":\"http:\/\/www.supercoach.de\/scwp\/\",\"name\":\"Supercoach\",\"description\":\"Informationen rund um&#039;s Fu\u00dfball-(Jugend-)Training\",\"potentialAction\":[{\"@type\":\"SearchAction\",\"target\":{\"@type\":\"EntryPoint\",\"urlTemplate\":\"http:\/\/www.supercoach.de\/scwp\/?s={search_term_string}\"},\"query-input\":\"required name=search_term_string\"}],\"inLanguage\":\"de\"},{\"@type\":\"WebPage\",\"@id\":\"http:\/\/www.supercoach.de\/scwp\/gaestebuch\/#webpage\",\"url\":\"http:\/\/www.supercoach.de\/scwp\/gaestebuch\/\",\"name\":\"G\u00e4stebuch - Supercoach\",\"isPartOf\":{\"@id\":\"http:\/\/www.supercoach.de\/scwp\/#website\"},\"datePublished\":\"2017-07-29T12:08:21+00:00\",\"dateModified\":\"2017-07-29T12:08:21+00:00\",\"breadcrumb\":{\"@id\":\"http:\/\/www.supercoach.de\/scwp\/gaestebuch\/#breadcrumb\"},\"inLanguage\":\"de\",\"potentialAction\":[{\"@type\":\"ReadAction\",\"target\":[\"http:\/\/www.supercoach.de\/scwp\/gaestebuch\/\"]}]},{\"@type\":\"BreadcrumbList\",\"@id\":\"http:\/\/www.supercoach.de\/scwp\/gaestebuch\/#breadcrumb\",\"itemListElement\":[{\"@type\":\"ListItem\",\"position\":1,\"name\":\"Startseite\",\"item\":\"http:\/\/www.supercoach.de\/scwp\/\"},{\"@type\":\"ListItem\",\"position\":2,\"name\":\"G\u00e4stebuch\"}]}]}<\/script>\n<!-- \/ Yoast SEO plugin. -->","yoast_head_json":{"title":"G\u00e4stebuch - Supercoach","robots":{"index":"index","follow":"follow","max-snippet":"max-snippet:-1","max-image-preview":"max-image-preview:large","max-video-preview":"max-video-preview:-1"},"canonical":"http:\/\/www.supercoach.de\/scwp\/gaestebuch\/","og_locale":"de_DE","og_type":"article","og_title":"G\u00e4stebuch - Supercoach","og_url":"http:\/\/www.supercoach.de\/scwp\/gaestebuch\/","og_site_name":"Supercoach","twitter_card":"summary","schema":{"@context":"https:\/\/schema.org","@graph":[{"@type":"WebSite","@id":"http:\/\/www.supercoach.de\/scwp\/#website","url":"http:\/\/www.supercoach.de\/scwp\/","name":"Supercoach","description":"Informationen rund um&#039;s Fu\u00dfball-(Jugend-)Training","potentialAction":[{"@type":"SearchAction","target":{"@type":"EntryPoint","urlTemplate":"http:\/\/www.supercoach.de\/scwp\/?s={search_term_string}"},"query-input":"required name=search_term_string"}],"inLanguage":"de"},{"@type":"WebPage","@id":"http:\/\/www.supercoach.de\/scwp\/gaestebuch\/#webpage","url":"http:\/\/www.supercoach.de\/scwp\/gaestebuch\/","name":"G\u00e4stebuch - Supercoach","isPartOf":{"@id":"http:\/\/www.supercoach.de\/scwp\/#website"},"datePublished":"2017-07-29T12:08:21+00:00","dateModified":"2017-07-29T12:08:21+00:00","breadcrumb":{"@id":"http:\/\/www.supercoach.de\/scwp\/gaestebuch\/#breadcrumb"},"inLanguage":"de","potentialAction":[{"@type":"ReadAction","target":["http:\/\/www.supercoach.de\/scwp\/gaestebuch\/"]}]},{"@type":"BreadcrumbList","@id":"http:\/\/www.supercoach.de\/scwp\/gaestebuch\/#breadcrumb","itemListElement":[{"@type":"ListItem","position":1,"name":"Startseite","item":"http:\/\/www.supercoach.de\/scwp\/"},{"@type":"ListItem","position":2,"name":"G\u00e4stebuch"}]}]}},"_links":{"self":[{"href":"http:\/\/www.supercoach.de\/scwp\/wp-json\/wp\/v2\/pages\/176"}],"collection":[{"href":"http:\/\/www.supercoach.de\/scwp\/wp-json\/wp\/v2\/pages"}],"about":[{"href":"http:\/\/www.supercoach.de\/scwp\/wp-json\/wp\/v2\/types\/page"}],"author":[{"embeddable":true,"href":"http:\/\/www.supercoach.de\/scwp\/wp-json\/wp\/v2\/users\/1"}],"replies":[{"embeddable":true,"href":"http:\/\/www.supercoach.de\/scwp\/wp-json\/wp\/v2\/comments?post=176"}],"version-history":[{"count":1,"href":"http:\/\/www.supercoach.de\/scwp\/wp-json\/wp\/v2\/pages\/176\/revisions"}],"predecessor-version":[{"id":177,"href":"http:\/\/www.supercoach.de\/scwp\/wp-json\/wp\/v2\/pages\/176\/revisions\/177"}],"wp:attachment":[{"href":"http:\/\/www.supercoach.de\/scwp\/wp-json\/wp\/v2\/media?parent=176"}],"curies":[{"name":"wp","href":"https:\/\/api.w.org\/{rel}","templated":true}]}}