{"id":1106,"date":"2017-08-07T00:35:33","date_gmt":"2017-08-06T22:35:33","guid":{"rendered":"http:\/\/www.supercoach.de\/scwp\/?page_id=1106"},"modified":"2017-08-31T15:16:01","modified_gmt":"2017-08-31T13:16:01","slug":"torschusstraining","status":"publish","type":"page","link":"http:\/\/www.supercoach.de\/scwp\/training\/torschusstraining\/","title":{"rendered":"Torschu\u00dftraining"},"content":{"rendered":"<p>Bevor wir zu den eigentlichen \u00dcbungen kommen, will ich nur kurz einige Punkte nennen, mit denen man als <a href=\"http:\/\/www.supercoach.de\/scwp\/trainerperson\/\">Trainer<\/a> den schnellen Torschu\u00df w\u00e4hrend eines Trainingsspiels f\u00f6rdern kann:<\/p>\n<ul>\n<li>Die erfolgreiche Mannschaft darf sofort einen neuen Angriff starten.<\/li>\n<li>Bei einem Gegentor mu\u00df das betroffene Team bis zum n\u00e4chsten Tor mit zwei Ballkontakten spielen, w\u00e4hrend das andere Team im freien Spiel agiert.<\/li>\n<li>Ein Tor wird nur gez\u00e4hlt, wenn sich die komplette Mannschaft in der gegnerischen H\u00e4lfte befindet.<\/li>\n<li>Wenn in einer vorgegebenen Zeit kein Tor erzielt wurde, so wird das betroffene Team ausgetauscht.<\/li>\n<li>Nach einer vorgegebenen Zeit mu\u00df ein Torschu\u00df erfolgt sein, ansonsten erh\u00e4lt die gegnerische Mannschaft ein Tor gutgeschrieben.<\/li>\n<li>Bei einem Gegentor spielt die betroffene Mannschaft bis zum n\u00e4chsten Treffer mit einem Mann weniger (also in Unterzahl).<\/li>\n<li>Tore z\u00e4hlen nur nach Direktschu\u00df. <\/li>\n<\/ul>\n<p><center><\/p>\n<table border=\"0\" cellpadding=\"10\" cellspacing=\"0\" align=\"center\" valign=\"middle\">\n<tr>\n<td align=\"center\" colspan=\"3\"><a href=\"http:\/\/www.supercoach.de\/scwp\/2017\/08\/31\/hinweise-zum-torschusstraining\/\"><INPUT TYPE=SUBMIT VALUE=\"Hinweise zum Torschu\u00dftraining\"><\/FORM><\/a><\/td>\n<\/tr>\n<tr>\n<td align=\"center\"><img loading=\"lazy\" src=\"http:\/\/www.supercoach.de\/scwp\/wp-content\/uploads\/2017\/08\/uebtors1.png\" alt=\"\" width=\"61\" height=\"73\" class=\"aligncenter size-full wp-image-655\" \/><\/td>\n<td align=\"center\"><img loading=\"lazy\" src=\"http:\/\/www.supercoach.de\/scwp\/wp-content\/uploads\/2017\/08\/uebtors2.png\" alt=\"\" width=\"79\" height=\"73\" class=\"aligncenter size-full wp-image-656\" \/><\/td>\n<td align=\"center\"><img loading=\"lazy\" src=\"http:\/\/www.supercoach.de\/scwp\/wp-content\/uploads\/2017\/08\/uebtors3.png\" alt=\"\" width=\"87\" height=\"74\" class=\"aligncenter size-full wp-image-657\" \/><\/td>\n<\/tr>\n<tr>\n<td align=\"center\"><a href=\"http:\/\/www.supercoach.de\/scwp\/category\/trainingsuebungen\/torschuss\/torschuss-fuer-1\/\"><INPUT TYPE=SUBMIT VALUE=\"f\u00fcr 1 Spieler\"><\/FORM><\/a><\/td>\n<td align=\"center\"><a href=\"http:\/\/www.supercoach.de\/scwp\/category\/trainingsuebungen\/torschuss\/torschuss-fuer-2\/\"><INPUT TYPE=SUBMIT VALUE=\"f\u00fcr 2 Spieler\"><\/FORM><\/a><\/td>\n<td align=\"center\"><a href=\"http:\/\/www.supercoach.de\/scwp\/category\/trainingsuebungen\/torschuss\/torschuss-fuer-3\/\"><INPUT TYPE=SUBMIT VALUE=\"f\u00fcr 3 Spieler\"><\/FORM><\/a><\/td>\n<\/tr>\n<tr>\n<td align=\"center\"><img loading=\"lazy\" src=\"http:\/\/www.supercoach.de\/scwp\/wp-content\/uploads\/2017\/08\/uebtors4.png\" alt=\"\" width=\"103\" height=\"75\" class=\"aligncenter size-full wp-image-658\" \/><\/td>\n<td align=\"center\"><img loading=\"lazy\" src=\"http:\/\/www.supercoach.de\/scwp\/wp-content\/uploads\/2017\/08\/uebtors5.png\" alt=\"\" width=\"119\" height=\"74\" class=\"aligncenter size-full wp-image-659\" \/><\/td>\n<\/tr>\n<tr>\n<td align=\"center\"><a href=\"http:\/\/www.supercoach.de\/scwp\/category\/trainingsuebungen\/torschuss\/torschuss-fuer-4\/\"><INPUT TYPE=SUBMIT VALUE=\"f\u00fcr 4 Spieler\"><\/FORM><\/a><\/td>\n<td align=\"center\"><a href=\"http:\/\/www.supercoach.de\/scwp\/category\/trainingsuebungen\/torschuss\/torschuss-fuer-5\/\"><INPUT TYPE=SUBMIT VALUE=\"f\u00fcr 5 Spieler\"><\/FORM><\/a><\/td>\n<\/tr>\n<\/table>\n<p><\/center><\/p>\n","protected":false},"excerpt":{"rendered":"<div class=\"mh-excerpt\"><p>Bevor wir zu den eigentlichen \u00dcbungen kommen, will ich nur kurz einige Punkte nennen, mit denen man als Trainer den schnellen Torschu\u00df w\u00e4hrend eines Trainingsspiels f\u00f6rdern kann: Die erfolgreiche Mannschaft darf sofort einen neuen Angriff <a class=\"mh-excerpt-more\" href=\"http:\/\/www.supercoach.de\/scwp\/training\/torschusstraining\/\" title=\"Torschu\u00dftraining\">[&#8230;]<\/a><\/p>\n<\/div>","protected":false},"author":1,"featured_media":694,"parent":439,"menu_order":0,"comment_status":"closed","ping_status":"closed","template":"","meta":[],"yoast_head":"<!-- This site is optimized with the Yoast SEO plugin v18.4.1 - https:\/\/yoast.com\/wordpress\/plugins\/seo\/ -->\n<title>Torschu\u00dftraining - Supercoach<\/title>\n<meta name=\"robots\" content=\"index, follow, max-snippet:-1, max-image-preview:large, max-video-preview:-1\" \/>\n<link rel=\"canonical\" href=\"http:\/\/www.supercoach.de\/scwp\/training\/torschusstraining\/\" \/>\n<meta property=\"og:locale\" content=\"de_DE\" \/>\n<meta property=\"og:type\" content=\"article\" \/>\n<meta property=\"og:title\" content=\"Torschu\u00dftraining - Supercoach\" \/>\n<meta property=\"og:description\" content=\"Bevor wir zu den eigentlichen \u00dcbungen kommen, will ich nur kurz einige Punkte nennen, mit denen man als Trainer den schnellen Torschu\u00df w\u00e4hrend eines Trainingsspiels f\u00f6rdern kann: Die erfolgreiche Mannschaft darf sofort einen neuen Angriff [...]\" \/>\n<meta property=\"og:url\" content=\"http:\/\/www.supercoach.de\/scwp\/training\/torschusstraining\/\" \/>\n<meta property=\"og:site_name\" content=\"Supercoach\" \/>\n<meta property=\"article:modified_time\" content=\"2017-08-31T13:16:01+00:00\" \/>\n<meta property=\"og:image\" content=\"http:\/\/www.supercoach.de\/scwp\/wp-content\/uploads\/2017\/08\/torschuss.jpg\" \/>\n\t<meta property=\"og:image:width\" content=\"1113\" \/>\n\t<meta property=\"og:image:height\" content=\"712\" \/>\n\t<meta property=\"og:image:type\" content=\"image\/jpeg\" \/>\n<meta name=\"twitter:card\" content=\"summary\" \/>\n<meta name=\"twitter:label1\" content=\"Gesch\u00e4tzte Lesezeit\" \/>\n\t<meta name=\"twitter:data1\" content=\"1\u00a0Minute\" \/>\n<script type=\"application\/ld+json\" class=\"yoast-schema-graph\">{\"@context\":\"https:\/\/schema.org\",\"@graph\":[{\"@type\":\"WebSite\",\"@id\":\"http:\/\/www.supercoach.de\/scwp\/#website\",\"url\":\"http:\/\/www.supercoach.de\/scwp\/\",\"name\":\"Supercoach\",\"description\":\"Informationen rund um&#039;s Fu\u00dfball-(Jugend-)Training\",\"potentialAction\":[{\"@type\":\"SearchAction\",\"target\":{\"@type\":\"EntryPoint\",\"urlTemplate\":\"http:\/\/www.supercoach.de\/scwp\/?s={search_term_string}\"},\"query-input\":\"required name=search_term_string\"}],\"inLanguage\":\"de\"},{\"@type\":\"ImageObject\",\"@id\":\"http:\/\/www.supercoach.de\/scwp\/training\/torschusstraining\/#primaryimage\",\"inLanguage\":\"de\",\"url\":\"http:\/\/www.supercoach.de\/scwp\/wp-content\/uploads\/2017\/08\/torschuss.jpg\",\"contentUrl\":\"http:\/\/www.supercoach.de\/scwp\/wp-content\/uploads\/2017\/08\/torschuss.jpg\",\"width\":1113,\"height\":712},{\"@type\":\"WebPage\",\"@id\":\"http:\/\/www.supercoach.de\/scwp\/training\/torschusstraining\/#webpage\",\"url\":\"http:\/\/www.supercoach.de\/scwp\/training\/torschusstraining\/\",\"name\":\"Torschu\u00dftraining - Supercoach\",\"isPartOf\":{\"@id\":\"http:\/\/www.supercoach.de\/scwp\/#website\"},\"primaryImageOfPage\":{\"@id\":\"http:\/\/www.supercoach.de\/scwp\/training\/torschusstraining\/#primaryimage\"},\"datePublished\":\"2017-08-06T22:35:33+00:00\",\"dateModified\":\"2017-08-31T13:16:01+00:00\",\"breadcrumb\":{\"@id\":\"http:\/\/www.supercoach.de\/scwp\/training\/torschusstraining\/#breadcrumb\"},\"inLanguage\":\"de\",\"potentialAction\":[{\"@type\":\"ReadAction\",\"target\":[\"http:\/\/www.supercoach.de\/scwp\/training\/torschusstraining\/\"]}]},{\"@type\":\"BreadcrumbList\",\"@id\":\"http:\/\/www.supercoach.de\/scwp\/training\/torschusstraining\/#breadcrumb\",\"itemListElement\":[{\"@type\":\"ListItem\",\"position\":1,\"name\":\"Startseite\",\"item\":\"http:\/\/www.supercoach.de\/scwp\/\"},{\"@type\":\"ListItem\",\"position\":2,\"name\":\"Training\",\"item\":\"http:\/\/www.supercoach.de\/scwp\/training\/\"},{\"@type\":\"ListItem\",\"position\":3,\"name\":\"Torschu\u00dftraining\"}]}]}<\/script>\n<!-- \/ Yoast SEO plugin. -->","yoast_head_json":{"title":"Torschu\u00dftraining - Supercoach","robots":{"index":"index","follow":"follow","max-snippet":"max-snippet:-1","max-image-preview":"max-image-preview:large","max-video-preview":"max-video-preview:-1"},"canonical":"http:\/\/www.supercoach.de\/scwp\/training\/torschusstraining\/","og_locale":"de_DE","og_type":"article","og_title":"Torschu\u00dftraining - Supercoach","og_description":"Bevor wir zu den eigentlichen \u00dcbungen kommen, will ich nur kurz einige Punkte nennen, mit denen man als Trainer den schnellen Torschu\u00df w\u00e4hrend eines Trainingsspiels f\u00f6rdern kann: Die erfolgreiche Mannschaft darf sofort einen neuen Angriff [...]","og_url":"http:\/\/www.supercoach.de\/scwp\/training\/torschusstraining\/","og_site_name":"Supercoach","article_modified_time":"2017-08-31T13:16:01+00:00","og_image":[{"width":1113,"height":712,"url":"http:\/\/www.supercoach.de\/scwp\/wp-content\/uploads\/2017\/08\/torschuss.jpg","type":"image\/jpeg"}],"twitter_card":"summary","twitter_misc":{"Gesch\u00e4tzte Lesezeit":"1\u00a0Minute"},"schema":{"@context":"https:\/\/schema.org","@graph":[{"@type":"WebSite","@id":"http:\/\/www.supercoach.de\/scwp\/#website","url":"http:\/\/www.supercoach.de\/scwp\/","name":"Supercoach","description":"Informationen rund um&#039;s Fu\u00dfball-(Jugend-)Training","potentialAction":[{"@type":"SearchAction","target":{"@type":"EntryPoint","urlTemplate":"http:\/\/www.supercoach.de\/scwp\/?s={search_term_string}"},"query-input":"required name=search_term_string"}],"inLanguage":"de"},{"@type":"ImageObject","@id":"http:\/\/www.supercoach.de\/scwp\/training\/torschusstraining\/#primaryimage","inLanguage":"de","url":"http:\/\/www.supercoach.de\/scwp\/wp-content\/uploads\/2017\/08\/torschuss.jpg","contentUrl":"http:\/\/www.supercoach.de\/scwp\/wp-content\/uploads\/2017\/08\/torschuss.jpg","width":1113,"height":712},{"@type":"WebPage","@id":"http:\/\/www.supercoach.de\/scwp\/training\/torschusstraining\/#webpage","url":"http:\/\/www.supercoach.de\/scwp\/training\/torschusstraining\/","name":"Torschu\u00dftraining - Supercoach","isPartOf":{"@id":"http:\/\/www.supercoach.de\/scwp\/#website"},"primaryImageOfPage":{"@id":"http:\/\/www.supercoach.de\/scwp\/training\/torschusstraining\/#primaryimage"},"datePublished":"2017-08-06T22:35:33+00:00","dateModified":"2017-08-31T13:16:01+00:00","breadcrumb":{"@id":"http:\/\/www.supercoach.de\/scwp\/training\/torschusstraining\/#breadcrumb"},"inLanguage":"de","potentialAction":[{"@type":"ReadAction","target":["http:\/\/www.supercoach.de\/scwp\/training\/torschusstraining\/"]}]},{"@type":"BreadcrumbList","@id":"http:\/\/www.supercoach.de\/scwp\/training\/torschusstraining\/#breadcrumb","itemListElement":[{"@type":"ListItem","position":1,"name":"Startseite","item":"http:\/\/www.supercoach.de\/scwp\/"},{"@type":"ListItem","position":2,"name":"Training","item":"http:\/\/www.supercoach.de\/scwp\/training\/"},{"@type":"ListItem","position":3,"name":"Torschu\u00dftraining"}]}]}},"_links":{"self":[{"href":"http:\/\/www.supercoach.de\/scwp\/wp-json\/wp\/v2\/pages\/1106"}],"collection":[{"href":"http:\/\/www.supercoach.de\/scwp\/wp-json\/wp\/v2\/pages"}],"about":[{"href":"http:\/\/www.supercoach.de\/scwp\/wp-json\/wp\/v2\/types\/page"}],"author":[{"embeddable":true,"href":"http:\/\/www.supercoach.de\/scwp\/wp-json\/wp\/v2\/users\/1"}],"replies":[{"embeddable":true,"href":"http:\/\/www.supercoach.de\/scwp\/wp-json\/wp\/v2\/comments?post=1106"}],"version-history":[{"count":7,"href":"http:\/\/www.supercoach.de\/scwp\/wp-json\/wp\/v2\/pages\/1106\/revisions"}],"predecessor-version":[{"id":1534,"href":"http:\/\/www.supercoach.de\/scwp\/wp-json\/wp\/v2\/pages\/1106\/revisions\/1534"}],"up":[{"embeddable":true,"href":"http:\/\/www.supercoach.de\/scwp\/wp-json\/wp\/v2\/pages\/439"}],"wp:featuredmedia":[{"embeddable":true,"href":"http:\/\/www.supercoach.de\/scwp\/wp-json\/wp\/v2\/media\/694"}],"wp:attachment":[{"href":"http:\/\/www.supercoach.de\/scwp\/wp-json\/wp\/v2\/media?parent=1106"}],"curies":[{"name":"wp","href":"https:\/\/api.w.org\/{rel}","templated":true}]}}